{"id":7541,"date":"2021-08-23T17:25:29","date_gmt":"2021-08-23T15:25:29","guid":{"rendered":"https:\/\/www.estaca.fr\/campus-life\/student-life\/arts-culture\/"},"modified":"2024-01-31T09:56:42","modified_gmt":"2024-01-31T08:56:42","slug":"cultural-humanitarian-business-oriented","status":"publish","type":"page","link":"https:\/\/www.estaca.fr\/en\/campus-life\/student-life\/cultural-humanitarian-business-oriented\/","title":{"rendered":"Cultural, humanitarian and business oriented societies"},"content":{"rendered":"","protected":false},"excerpt":{"rendered":"","protected":false},"author":1,"featured_media":0,"parent":7187,"menu_order":51,"comment_status":"closed","ping_status":"closed","template":"","meta":[],"acf":[],"yoast_head":"<!-- This site is optimized with the Yoast SEO Premium plugin v21.0 (Yoast SEO v21.0) - https:\/\/yoast.com\/wordpress\/plugins\/seo\/ -->\n<title>Cultural, humanitarian and business oriented societies - ESTACA<\/title>\n<meta name=\"description\" content=\"D\u00e9veloppez votre fibre artistique\u00a0! Le Bureau Des Arts est une association \u00e9tudiante \u00e0 vis\u00e9e non technique pr\u00e9sente \u00e0 Laval et \u00e0 Saint Quentin en Yvelines. Tout au long de l\u2019ann\u00e9e, le BDA organise des \u00e9v\u00e8nements \u00e9tudiants comme des concours photos, des concerts, des repr\u00e9sentations th\u00e9\u00e2trales...\" \/>\n<meta name=\"robots\" content=\"index, follow, max-snippet:-1, max-image-preview:large, max-video-preview:-1\" \/>\n<link rel=\"canonical\" href=\"https:\/\/www.estaca.fr\/en\/campus-life\/student-life\/cultural-humanitarian-business-oriented\/\" \/>\n<meta property=\"og:locale\" content=\"en_US\" \/>\n<meta property=\"og:type\" content=\"article\" \/>\n<meta property=\"og:title\" content=\"Cultural, humanitarian and business oriented societies\" \/>\n<meta property=\"og:description\" content=\"D\u00e9veloppez votre fibre artistique\u00a0! Le Bureau Des Arts est une association \u00e9tudiante \u00e0 vis\u00e9e non technique pr\u00e9sente \u00e0 Laval et \u00e0 Saint Quentin en Yvelines. Tout au long de l\u2019ann\u00e9e, le BDA organise des \u00e9v\u00e8nements \u00e9tudiants comme des concours photos, des concerts, des repr\u00e9sentations th\u00e9\u00e2trales...\" \/>\n<meta property=\"og:url\" content=\"https:\/\/www.estaca.fr\/en\/campus-life\/student-life\/cultural-humanitarian-business-oriented\/\" \/>\n<meta property=\"og:site_name\" content=\"ESTACA\" \/>\n<meta property=\"article:publisher\" content=\"https:\/\/www.facebook.com\/EcoleESTACA\/\" \/>\n<meta property=\"article:modified_time\" content=\"2024-01-31T08:56:42+00:00\" \/>\n<meta name=\"twitter:card\" content=\"summary_large_image\" \/>\n<meta name=\"twitter:site\" content=\"@Estaca_twit\" \/>\n<script type=\"application\/ld+json\" class=\"yoast-schema-graph\">{\"@context\":\"https:\/\/schema.org\",\"@graph\":[{\"@type\":\"WebPage\",\"@id\":\"https:\/\/www.estaca.fr\/en\/campus-life\/student-life\/cultural-humanitarian-business-oriented\/\",\"url\":\"https:\/\/www.estaca.fr\/en\/campus-life\/student-life\/cultural-humanitarian-business-oriented\/\",\"name\":\"Cultural, humanitarian and business oriented societies - ESTACA\",\"isPartOf\":{\"@id\":\"https:\/\/www.estaca.fr\/#website\"},\"datePublished\":\"2021-08-23T15:25:29+00:00\",\"dateModified\":\"2024-01-31T08:56:42+00:00\",\"description\":\"D\u00e9veloppez votre fibre artistique\u00a0! Le Bureau Des Arts est une association \u00e9tudiante \u00e0 vis\u00e9e non technique pr\u00e9sente \u00e0 Laval et \u00e0 Saint Quentin en Yvelines. Tout au long de l\u2019ann\u00e9e, le BDA organise des \u00e9v\u00e8nements \u00e9tudiants comme des concours photos, des concerts, des repr\u00e9sentations th\u00e9\u00e2trales...\",\"breadcrumb\":{\"@id\":\"https:\/\/www.estaca.fr\/en\/campus-life\/student-life\/cultural-humanitarian-business-oriented\/#breadcrumb\"},\"inLanguage\":\"en-US\",\"potentialAction\":[{\"@type\":\"ReadAction\",\"target\":[\"https:\/\/www.estaca.fr\/en\/campus-life\/student-life\/cultural-humanitarian-business-oriented\/\"]}]},{\"@type\":\"BreadcrumbList\",\"@id\":\"https:\/\/www.estaca.fr\/en\/campus-life\/student-life\/cultural-humanitarian-business-oriented\/#breadcrumb\",\"itemListElement\":[{\"@type\":\"ListItem\",\"position\":1,\"name\":\"Accueil\",\"item\":\"https:\/\/www.estaca.fr\/en\/\"},{\"@type\":\"ListItem\",\"position\":2,\"name\":\"Campus life\",\"item\":\"https:\/\/www.estaca.fr\/en\/campus-life\/\"},{\"@type\":\"ListItem\",\"position\":3,\"name\":\"Student life\",\"item\":\"https:\/\/www.estaca.fr\/en\/campus-life\/student-life\/\"},{\"@type\":\"ListItem\",\"position\":4,\"name\":\"Cultural, humanitarian and business oriented societies\"}]},{\"@type\":\"WebSite\",\"@id\":\"https:\/\/www.estaca.fr\/#website\",\"url\":\"https:\/\/www.estaca.fr\/\",\"name\":\"ESTACA\",\"description\":\"Ecole d&#039;ing\u00e9nieurs\",\"publisher\":{\"@id\":\"https:\/\/www.estaca.fr\/#organization\"},\"potentialAction\":[{\"@type\":\"SearchAction\",\"target\":{\"@type\":\"EntryPoint\",\"urlTemplate\":\"https:\/\/www.estaca.fr\/?s={search_term_string}\"},\"query-input\":\"required name=search_term_string\"}],\"inLanguage\":\"en-US\"},{\"@type\":\"Organization\",\"@id\":\"https:\/\/www.estaca.fr\/#organization\",\"name\":\"ESTACA\",\"url\":\"https:\/\/www.estaca.fr\/\",\"logo\":{\"@type\":\"ImageObject\",\"inLanguage\":\"en-US\",\"@id\":\"https:\/\/www.estaca.fr\/#\/schema\/logo\/image\/\",\"url\":\"https:\/\/www.estaca.fr\/wp-content\/uploads\/Logos\/estaca-1.jpg\",\"contentUrl\":\"https:\/\/www.estaca.fr\/wp-content\/uploads\/Logos\/estaca-1.jpg\",\"width\":196,\"height\":100,\"caption\":\"ESTACA\"},\"image\":{\"@id\":\"https:\/\/www.estaca.fr\/#\/schema\/logo\/image\/\"},\"sameAs\":[\"https:\/\/www.facebook.com\/EcoleESTACA\/\",\"https:\/\/twitter.com\/Estaca_twit\",\"https:\/\/www.instagram.com\/ecole_estaca\/\",\"https:\/\/www.linkedin.com\/school\/estaca-ecole-ingenieurs\/\",\"https:\/\/www.youtube.com\/user\/EcoleESTACA\/\"]}]}<\/script>\n<!-- \/ Yoast SEO Premium plugin. -->","yoast_head_json":{"title":"Cultural, humanitarian and business oriented societies - ESTACA","description":"D\u00e9veloppez votre fibre artistique\u00a0! Le Bureau Des Arts est une association \u00e9tudiante \u00e0 vis\u00e9e non technique pr\u00e9sente \u00e0 Laval et \u00e0 Saint Quentin en Yvelines. Tout au long de l\u2019ann\u00e9e, le BDA organise des \u00e9v\u00e8nements \u00e9tudiants comme des concours photos, des concerts, des repr\u00e9sentations th\u00e9\u00e2trales...","robots":{"index":"index","follow":"follow","max-snippet":"max-snippet:-1","max-image-preview":"max-image-preview:large","max-video-preview":"max-video-preview:-1"},"canonical":"https:\/\/www.estaca.fr\/en\/campus-life\/student-life\/cultural-humanitarian-business-oriented\/","og_locale":"en_US","og_type":"article","og_title":"Cultural, humanitarian and business oriented societies","og_description":"D\u00e9veloppez votre fibre artistique\u00a0! Le Bureau Des Arts est une association \u00e9tudiante \u00e0 vis\u00e9e non technique pr\u00e9sente \u00e0 Laval et \u00e0 Saint Quentin en Yvelines. Tout au long de l\u2019ann\u00e9e, le BDA organise des \u00e9v\u00e8nements \u00e9tudiants comme des concours photos, des concerts, des repr\u00e9sentations th\u00e9\u00e2trales...","og_url":"https:\/\/www.estaca.fr\/en\/campus-life\/student-life\/cultural-humanitarian-business-oriented\/","og_site_name":"ESTACA","article_publisher":"https:\/\/www.facebook.com\/EcoleESTACA\/","article_modified_time":"2024-01-31T08:56:42+00:00","twitter_card":"summary_large_image","twitter_site":"@Estaca_twit","schema":{"@context":"https:\/\/schema.org","@graph":[{"@type":"WebPage","@id":"https:\/\/www.estaca.fr\/en\/campus-life\/student-life\/cultural-humanitarian-business-oriented\/","url":"https:\/\/www.estaca.fr\/en\/campus-life\/student-life\/cultural-humanitarian-business-oriented\/","name":"Cultural, humanitarian and business oriented societies - ESTACA","isPartOf":{"@id":"https:\/\/www.estaca.fr\/#website"},"datePublished":"2021-08-23T15:25:29+00:00","dateModified":"2024-01-31T08:56:42+00:00","description":"D\u00e9veloppez votre fibre artistique\u00a0! Le Bureau Des Arts est une association \u00e9tudiante \u00e0 vis\u00e9e non technique pr\u00e9sente \u00e0 Laval et \u00e0 Saint Quentin en Yvelines. Tout au long de l\u2019ann\u00e9e, le BDA organise des \u00e9v\u00e8nements \u00e9tudiants comme des concours photos, des concerts, des repr\u00e9sentations th\u00e9\u00e2trales...","breadcrumb":{"@id":"https:\/\/www.estaca.fr\/en\/campus-life\/student-life\/cultural-humanitarian-business-oriented\/#breadcrumb"},"inLanguage":"en-US","potentialAction":[{"@type":"ReadAction","target":["https:\/\/www.estaca.fr\/en\/campus-life\/student-life\/cultural-humanitarian-business-oriented\/"]}]},{"@type":"BreadcrumbList","@id":"https:\/\/www.estaca.fr\/en\/campus-life\/student-life\/cultural-humanitarian-business-oriented\/#breadcrumb","itemListElement":[{"@type":"ListItem","position":1,"name":"Accueil","item":"https:\/\/www.estaca.fr\/en\/"},{"@type":"ListItem","position":2,"name":"Campus life","item":"https:\/\/www.estaca.fr\/en\/campus-life\/"},{"@type":"ListItem","position":3,"name":"Student life","item":"https:\/\/www.estaca.fr\/en\/campus-life\/student-life\/"},{"@type":"ListItem","position":4,"name":"Cultural, humanitarian and business oriented societies"}]},{"@type":"WebSite","@id":"https:\/\/www.estaca.fr\/#website","url":"https:\/\/www.estaca.fr\/","name":"ESTACA","description":"Ecole d&#039;ing\u00e9nieurs","publisher":{"@id":"https:\/\/www.estaca.fr\/#organization"},"potentialAction":[{"@type":"SearchAction","target":{"@type":"EntryPoint","urlTemplate":"https:\/\/www.estaca.fr\/?s={search_term_string}"},"query-input":"required name=search_term_string"}],"inLanguage":"en-US"},{"@type":"Organization","@id":"https:\/\/www.estaca.fr\/#organization","name":"ESTACA","url":"https:\/\/www.estaca.fr\/","logo":{"@type":"ImageObject","inLanguage":"en-US","@id":"https:\/\/www.estaca.fr\/#\/schema\/logo\/image\/","url":"https:\/\/www.estaca.fr\/wp-content\/uploads\/Logos\/estaca-1.jpg","contentUrl":"https:\/\/www.estaca.fr\/wp-content\/uploads\/Logos\/estaca-1.jpg","width":196,"height":100,"caption":"ESTACA"},"image":{"@id":"https:\/\/www.estaca.fr\/#\/schema\/logo\/image\/"},"sameAs":["https:\/\/www.facebook.com\/EcoleESTACA\/","https:\/\/twitter.com\/Estaca_twit","https:\/\/www.instagram.com\/ecole_estaca\/","https:\/\/www.linkedin.com\/school\/estaca-ecole-ingenieurs\/","https:\/\/www.youtube.com\/user\/EcoleESTACA\/"]}]}},"_links":{"self":[{"href":"https:\/\/www.estaca.fr\/en\/wp-json\/wp\/v2\/pages\/7541"}],"collection":[{"href":"https:\/\/www.estaca.fr\/en\/wp-json\/wp\/v2\/pages"}],"about":[{"href":"https:\/\/www.estaca.fr\/en\/wp-json\/wp\/v2\/types\/page"}],"author":[{"embeddable":true,"href":"https:\/\/www.estaca.fr\/en\/wp-json\/wp\/v2\/users\/1"}],"replies":[{"embeddable":true,"href":"https:\/\/www.estaca.fr\/en\/wp-json\/wp\/v2\/comments?post=7541"}],"version-history":[{"count":16,"href":"https:\/\/www.estaca.fr\/en\/wp-json\/wp\/v2\/pages\/7541\/revisions"}],"predecessor-version":[{"id":23480,"href":"https:\/\/www.estaca.fr\/en\/wp-json\/wp\/v2\/pages\/7541\/revisions\/23480"}],"up":[{"embeddable":true,"href":"https:\/\/www.estaca.fr\/en\/wp-json\/wp\/v2\/pages\/7187"}],"wp:attachment":[{"href":"https:\/\/www.estaca.fr\/en\/wp-json\/wp\/v2\/media?parent=7541"}],"curies":[{"name":"wp","href":"https:\/\/api.w.org\/{rel}","templated":true}]}}