{"id":7401,"date":"2021-08-31T12:12:11","date_gmt":"2021-08-31T10:12:11","guid":{"rendered":"https:\/\/www.estaca.fr\/international\/rejoindre-estaca\/"},"modified":"2024-10-22T10:54:31","modified_gmt":"2024-10-22T08:54:31","slug":"come-to-estaca","status":"publish","type":"page","link":"https:\/\/www.estaca.fr\/en\/international\/come-to-estaca\/","title":{"rendered":"Come to ESTACA"},"content":{"rendered":"","protected":false},"excerpt":{"rendered":"","protected":false},"author":1,"featured_media":10861,"parent":6991,"menu_order":136,"comment_status":"closed","ping_status":"closed","template":"","meta":[],"acf":[],"yoast_head":"<!-- This site is optimized with the Yoast SEO Premium plugin v21.0 (Yoast SEO v21.0) - https:\/\/yoast.com\/wordpress\/plugins\/seo\/ -->\n<title>Come to ESTACA - ESTACA<\/title>\n<meta name=\"description\" content=\"Chaque ann\u00e9e, l\u2019ESTACA accueille sur ses Campus de Saint-Quentin-en-Yvelines (Ile de France) et de Laval (Pays de la Loire) des \u00e9tudiants internationaux en \u00e9change, venant dans le cadre d\u2019un partenariat universitaire, pour un ou deux semestres acad\u00e9miques, et d\u2019autres \u00e9tudiants suivant les Mast\u00e8res Sp\u00e9cialis\u00e9es et programmes courts offerts en anglais.\" \/>\n<meta name=\"robots\" content=\"index, follow, max-snippet:-1, max-image-preview:large, max-video-preview:-1\" \/>\n<link rel=\"canonical\" href=\"https:\/\/www.estaca.fr\/en\/international\/come-to-estaca\/\" \/>\n<meta property=\"og:locale\" content=\"en_US\" \/>\n<meta property=\"og:type\" content=\"article\" \/>\n<meta property=\"og:title\" content=\"Come to ESTACA\" \/>\n<meta property=\"og:description\" content=\"Chaque ann\u00e9e, l\u2019ESTACA accueille sur ses Campus de Saint-Quentin-en-Yvelines (Ile de France) et de Laval (Pays de la Loire) des \u00e9tudiants internationaux en \u00e9change, venant dans le cadre d\u2019un partenariat universitaire, pour un ou deux semestres acad\u00e9miques, et d\u2019autres \u00e9tudiants suivant les Mast\u00e8res Sp\u00e9cialis\u00e9es et programmes courts offerts en anglais.\" \/>\n<meta property=\"og:url\" content=\"https:\/\/www.estaca.fr\/en\/international\/come-to-estaca\/\" \/>\n<meta property=\"og:site_name\" content=\"ESTACA\" \/>\n<meta property=\"article:publisher\" content=\"https:\/\/www.facebook.com\/EcoleESTACA\/\" \/>\n<meta property=\"article:modified_time\" content=\"2024-10-22T08:54:31+00:00\" \/>\n<meta property=\"og:image\" content=\"https:\/\/www.estaca.fr\/wp-content\/uploads\/Ecole\/Accueil-Etudiants-internationaux-2011-scaled.jpg\" \/>\n\t<meta property=\"og:image:width\" content=\"1920\" \/>\n\t<meta property=\"og:image:height\" content=\"2560\" \/>\n\t<meta property=\"og:image:type\" content=\"image\/jpeg\" \/>\n<meta name=\"twitter:card\" content=\"summary_large_image\" \/>\n<meta name=\"twitter:site\" content=\"@Estaca_twit\" \/>\n<script type=\"application\/ld+json\" class=\"yoast-schema-graph\">{\"@context\":\"https:\/\/schema.org\",\"@graph\":[{\"@type\":\"WebPage\",\"@id\":\"https:\/\/www.estaca.fr\/en\/international\/come-to-estaca\/\",\"url\":\"https:\/\/www.estaca.fr\/en\/international\/come-to-estaca\/\",\"name\":\"Come to ESTACA - ESTACA\",\"isPartOf\":{\"@id\":\"https:\/\/www.estaca.fr\/#website\"},\"datePublished\":\"2021-08-31T10:12:11+00:00\",\"dateModified\":\"2024-10-22T08:54:31+00:00\",\"description\":\"Chaque ann\u00e9e, l\u2019ESTACA accueille sur ses Campus de Saint-Quentin-en-Yvelines (Ile de France) et de Laval (Pays de la Loire) des \u00e9tudiants internationaux en \u00e9change, venant dans le cadre d\u2019un partenariat universitaire, pour un ou deux semestres acad\u00e9miques, et d\u2019autres \u00e9tudiants suivant les Mast\u00e8res Sp\u00e9cialis\u00e9es et programmes courts offerts en anglais.\",\"breadcrumb\":{\"@id\":\"https:\/\/www.estaca.fr\/en\/international\/come-to-estaca\/#breadcrumb\"},\"inLanguage\":\"en-US\",\"potentialAction\":[{\"@type\":\"ReadAction\",\"target\":[\"https:\/\/www.estaca.fr\/en\/international\/come-to-estaca\/\"]}]},{\"@type\":\"BreadcrumbList\",\"@id\":\"https:\/\/www.estaca.fr\/en\/international\/come-to-estaca\/#breadcrumb\",\"itemListElement\":[{\"@type\":\"ListItem\",\"position\":1,\"name\":\"Accueil\",\"item\":\"https:\/\/www.estaca.fr\/en\/\"},{\"@type\":\"ListItem\",\"position\":2,\"name\":\"International\",\"item\":\"https:\/\/www.estaca.fr\/en\/international\/\"},{\"@type\":\"ListItem\",\"position\":3,\"name\":\"Come to ESTACA\"}]},{\"@type\":\"WebSite\",\"@id\":\"https:\/\/www.estaca.fr\/#website\",\"url\":\"https:\/\/www.estaca.fr\/\",\"name\":\"ESTACA\",\"description\":\"Ecole d&#039;ing\u00e9nieurs\",\"publisher\":{\"@id\":\"https:\/\/www.estaca.fr\/#organization\"},\"potentialAction\":[{\"@type\":\"SearchAction\",\"target\":{\"@type\":\"EntryPoint\",\"urlTemplate\":\"https:\/\/www.estaca.fr\/?s={search_term_string}\"},\"query-input\":\"required name=search_term_string\"}],\"inLanguage\":\"en-US\"},{\"@type\":\"Organization\",\"@id\":\"https:\/\/www.estaca.fr\/#organization\",\"name\":\"ESTACA\",\"url\":\"https:\/\/www.estaca.fr\/\",\"logo\":{\"@type\":\"ImageObject\",\"inLanguage\":\"en-US\",\"@id\":\"https:\/\/www.estaca.fr\/#\/schema\/logo\/image\/\",\"url\":\"https:\/\/www.estaca.fr\/wp-content\/uploads\/Logos\/estaca-1.jpg\",\"contentUrl\":\"https:\/\/www.estaca.fr\/wp-content\/uploads\/Logos\/estaca-1.jpg\",\"width\":196,\"height\":100,\"caption\":\"ESTACA\"},\"image\":{\"@id\":\"https:\/\/www.estaca.fr\/#\/schema\/logo\/image\/\"},\"sameAs\":[\"https:\/\/www.facebook.com\/EcoleESTACA\/\",\"https:\/\/twitter.com\/Estaca_twit\",\"https:\/\/www.instagram.com\/ecole_estaca\/\",\"https:\/\/www.linkedin.com\/school\/estaca-ecole-ingenieurs\/\",\"https:\/\/www.youtube.com\/user\/EcoleESTACA\/\"]}]}<\/script>\n<!-- \/ Yoast SEO Premium plugin. -->","yoast_head_json":{"title":"Come to ESTACA - ESTACA","description":"Chaque ann\u00e9e, l\u2019ESTACA accueille sur ses Campus de Saint-Quentin-en-Yvelines (Ile de France) et de Laval (Pays de la Loire) des \u00e9tudiants internationaux en \u00e9change, venant dans le cadre d\u2019un partenariat universitaire, pour un ou deux semestres acad\u00e9miques, et d\u2019autres \u00e9tudiants suivant les Mast\u00e8res Sp\u00e9cialis\u00e9es et programmes courts offerts en anglais.","robots":{"index":"index","follow":"follow","max-snippet":"max-snippet:-1","max-image-preview":"max-image-preview:large","max-video-preview":"max-video-preview:-1"},"canonical":"https:\/\/www.estaca.fr\/en\/international\/come-to-estaca\/","og_locale":"en_US","og_type":"article","og_title":"Come to ESTACA","og_description":"Chaque ann\u00e9e, l\u2019ESTACA accueille sur ses Campus de Saint-Quentin-en-Yvelines (Ile de France) et de Laval (Pays de la Loire) des \u00e9tudiants internationaux en \u00e9change, venant dans le cadre d\u2019un partenariat universitaire, pour un ou deux semestres acad\u00e9miques, et d\u2019autres \u00e9tudiants suivant les Mast\u00e8res Sp\u00e9cialis\u00e9es et programmes courts offerts en anglais.","og_url":"https:\/\/www.estaca.fr\/en\/international\/come-to-estaca\/","og_site_name":"ESTACA","article_publisher":"https:\/\/www.facebook.com\/EcoleESTACA\/","article_modified_time":"2024-10-22T08:54:31+00:00","og_image":[{"width":1920,"height":2560,"url":"https:\/\/www.estaca.fr\/wp-content\/uploads\/Ecole\/Accueil-Etudiants-internationaux-2011-scaled.jpg","type":"image\/jpeg"}],"twitter_card":"summary_large_image","twitter_site":"@Estaca_twit","schema":{"@context":"https:\/\/schema.org","@graph":[{"@type":"WebPage","@id":"https:\/\/www.estaca.fr\/en\/international\/come-to-estaca\/","url":"https:\/\/www.estaca.fr\/en\/international\/come-to-estaca\/","name":"Come to ESTACA - ESTACA","isPartOf":{"@id":"https:\/\/www.estaca.fr\/#website"},"datePublished":"2021-08-31T10:12:11+00:00","dateModified":"2024-10-22T08:54:31+00:00","description":"Chaque ann\u00e9e, l\u2019ESTACA accueille sur ses Campus de Saint-Quentin-en-Yvelines (Ile de France) et de Laval (Pays de la Loire) des \u00e9tudiants internationaux en \u00e9change, venant dans le cadre d\u2019un partenariat universitaire, pour un ou deux semestres acad\u00e9miques, et d\u2019autres \u00e9tudiants suivant les Mast\u00e8res Sp\u00e9cialis\u00e9es et programmes courts offerts en anglais.","breadcrumb":{"@id":"https:\/\/www.estaca.fr\/en\/international\/come-to-estaca\/#breadcrumb"},"inLanguage":"en-US","potentialAction":[{"@type":"ReadAction","target":["https:\/\/www.estaca.fr\/en\/international\/come-to-estaca\/"]}]},{"@type":"BreadcrumbList","@id":"https:\/\/www.estaca.fr\/en\/international\/come-to-estaca\/#breadcrumb","itemListElement":[{"@type":"ListItem","position":1,"name":"Accueil","item":"https:\/\/www.estaca.fr\/en\/"},{"@type":"ListItem","position":2,"name":"International","item":"https:\/\/www.estaca.fr\/en\/international\/"},{"@type":"ListItem","position":3,"name":"Come to ESTACA"}]},{"@type":"WebSite","@id":"https:\/\/www.estaca.fr\/#website","url":"https:\/\/www.estaca.fr\/","name":"ESTACA","description":"Ecole d&#039;ing\u00e9nieurs","publisher":{"@id":"https:\/\/www.estaca.fr\/#organization"},"potentialAction":[{"@type":"SearchAction","target":{"@type":"EntryPoint","urlTemplate":"https:\/\/www.estaca.fr\/?s={search_term_string}"},"query-input":"required name=search_term_string"}],"inLanguage":"en-US"},{"@type":"Organization","@id":"https:\/\/www.estaca.fr\/#organization","name":"ESTACA","url":"https:\/\/www.estaca.fr\/","logo":{"@type":"ImageObject","inLanguage":"en-US","@id":"https:\/\/www.estaca.fr\/#\/schema\/logo\/image\/","url":"https:\/\/www.estaca.fr\/wp-content\/uploads\/Logos\/estaca-1.jpg","contentUrl":"https:\/\/www.estaca.fr\/wp-content\/uploads\/Logos\/estaca-1.jpg","width":196,"height":100,"caption":"ESTACA"},"image":{"@id":"https:\/\/www.estaca.fr\/#\/schema\/logo\/image\/"},"sameAs":["https:\/\/www.facebook.com\/EcoleESTACA\/","https:\/\/twitter.com\/Estaca_twit","https:\/\/www.instagram.com\/ecole_estaca\/","https:\/\/www.linkedin.com\/school\/estaca-ecole-ingenieurs\/","https:\/\/www.youtube.com\/user\/EcoleESTACA\/"]}]}},"_links":{"self":[{"href":"https:\/\/www.estaca.fr\/en\/wp-json\/wp\/v2\/pages\/7401"}],"collection":[{"href":"https:\/\/www.estaca.fr\/en\/wp-json\/wp\/v2\/pages"}],"about":[{"href":"https:\/\/www.estaca.fr\/en\/wp-json\/wp\/v2\/types\/page"}],"author":[{"embeddable":true,"href":"https:\/\/www.estaca.fr\/en\/wp-json\/wp\/v2\/users\/1"}],"replies":[{"embeddable":true,"href":"https:\/\/www.estaca.fr\/en\/wp-json\/wp\/v2\/comments?post=7401"}],"version-history":[{"count":16,"href":"https:\/\/www.estaca.fr\/en\/wp-json\/wp\/v2\/pages\/7401\/revisions"}],"predecessor-version":[{"id":25853,"href":"https:\/\/www.estaca.fr\/en\/wp-json\/wp\/v2\/pages\/7401\/revisions\/25853"}],"up":[{"embeddable":true,"href":"https:\/\/www.estaca.fr\/en\/wp-json\/wp\/v2\/pages\/6991"}],"wp:featuredmedia":[{"embeddable":true,"href":"https:\/\/www.estaca.fr\/en\/wp-json\/wp\/v2\/media\/10861"}],"wp:attachment":[{"href":"https:\/\/www.estaca.fr\/en\/wp-json\/wp\/v2\/media?parent=7401"}],"curies":[{"name":"wp","href":"https:\/\/api.w.org\/{rel}","templated":true}]}}