{"id":7363,"date":"2021-08-25T17:37:19","date_gmt":"2021-08-25T15:37:19","guid":{"rendered":"https:\/\/www.estaca.fr\/corporate-relations\/internship-jobs\/stages-alternance\/"},"modified":"2023-03-29T09:12:13","modified_gmt":"2023-03-29T07:12:13","slug":"interns","status":"publish","type":"page","link":"https:\/\/www.estaca.fr\/en\/corporate-relations\/internship-jobs\/interns\/","title":{"rendered":"Hire interns"},"content":{"rendered":"","protected":false},"excerpt":{"rendered":"","protected":false},"author":1,"featured_media":0,"parent":7338,"menu_order":108,"comment_status":"closed","ping_status":"closed","template":"","meta":[],"acf":[],"yoast_head":"<!-- This site is optimized with the Yoast SEO Premium plugin v21.0 (Yoast SEO v21.0) - https:\/\/yoast.com\/wordpress\/plugins\/seo\/ -->\n<title>Hire interns - ESTACA<\/title>\n<meta name=\"description\" content=\"Chaque \u00e9tudiant doit effectuer un an de stage en entreprise au cours de sa formation. Quatre stages en entreprise sont obligatoires, un stage est facultatif en troisi\u00e8me ann\u00e9e. Une immersion en entreprise d\u2019un an est possible entre la quatri\u00e8me et cinqui\u00e8me ann\u00e9e.\" \/>\n<meta name=\"robots\" content=\"index, follow, max-snippet:-1, max-image-preview:large, max-video-preview:-1\" \/>\n<link rel=\"canonical\" href=\"https:\/\/www.estaca.fr\/en\/corporate-relations\/internship-jobs\/interns\/\" \/>\n<meta property=\"og:locale\" content=\"en_US\" \/>\n<meta property=\"og:type\" content=\"article\" \/>\n<meta property=\"og:title\" content=\"Hire interns\" \/>\n<meta property=\"og:description\" content=\"Chaque \u00e9tudiant doit effectuer un an de stage en entreprise au cours de sa formation. Quatre stages en entreprise sont obligatoires, un stage est facultatif en troisi\u00e8me ann\u00e9e. Une immersion en entreprise d\u2019un an est possible entre la quatri\u00e8me et cinqui\u00e8me ann\u00e9e.\" \/>\n<meta property=\"og:url\" content=\"https:\/\/www.estaca.fr\/en\/corporate-relations\/internship-jobs\/interns\/\" \/>\n<meta property=\"og:site_name\" content=\"ESTACA\" \/>\n<meta property=\"article:publisher\" content=\"https:\/\/www.facebook.com\/EcoleESTACA\/\" \/>\n<meta property=\"article:modified_time\" content=\"2023-03-29T07:12:13+00:00\" \/>\n<meta name=\"twitter:card\" content=\"summary_large_image\" \/>\n<meta name=\"twitter:site\" content=\"@Estaca_twit\" \/>\n<script type=\"application\/ld+json\" class=\"yoast-schema-graph\">{\"@context\":\"https:\/\/schema.org\",\"@graph\":[{\"@type\":\"WebPage\",\"@id\":\"https:\/\/www.estaca.fr\/en\/corporate-relations\/internship-jobs\/interns\/\",\"url\":\"https:\/\/www.estaca.fr\/en\/corporate-relations\/internship-jobs\/interns\/\",\"name\":\"Hire interns - ESTACA\",\"isPartOf\":{\"@id\":\"https:\/\/www.estaca.fr\/#website\"},\"datePublished\":\"2021-08-25T15:37:19+00:00\",\"dateModified\":\"2023-03-29T07:12:13+00:00\",\"description\":\"Chaque \u00e9tudiant doit effectuer un an de stage en entreprise au cours de sa formation. Quatre stages en entreprise sont obligatoires, un stage est facultatif en troisi\u00e8me ann\u00e9e. Une immersion en entreprise d\u2019un an est possible entre la quatri\u00e8me et cinqui\u00e8me ann\u00e9e.\",\"breadcrumb\":{\"@id\":\"https:\/\/www.estaca.fr\/en\/corporate-relations\/internship-jobs\/interns\/#breadcrumb\"},\"inLanguage\":\"en-US\",\"potentialAction\":[{\"@type\":\"ReadAction\",\"target\":[\"https:\/\/www.estaca.fr\/en\/corporate-relations\/internship-jobs\/interns\/\"]}]},{\"@type\":\"BreadcrumbList\",\"@id\":\"https:\/\/www.estaca.fr\/en\/corporate-relations\/internship-jobs\/interns\/#breadcrumb\",\"itemListElement\":[{\"@type\":\"ListItem\",\"position\":1,\"name\":\"Accueil\",\"item\":\"https:\/\/www.estaca.fr\/en\/\"},{\"@type\":\"ListItem\",\"position\":2,\"name\":\"Corporate relations\",\"item\":\"https:\/\/www.estaca.fr\/en\/corporate-relations\/\"},{\"@type\":\"ListItem\",\"position\":3,\"name\":\"Internship and jobs\",\"item\":\"https:\/\/www.estaca.fr\/en\/corporate-relations\/internship-jobs\/\"},{\"@type\":\"ListItem\",\"position\":4,\"name\":\"Hire interns\"}]},{\"@type\":\"WebSite\",\"@id\":\"https:\/\/www.estaca.fr\/#website\",\"url\":\"https:\/\/www.estaca.fr\/\",\"name\":\"ESTACA\",\"description\":\"Ecole d&#039;ing\u00e9nieurs\",\"publisher\":{\"@id\":\"https:\/\/www.estaca.fr\/#organization\"},\"potentialAction\":[{\"@type\":\"SearchAction\",\"target\":{\"@type\":\"EntryPoint\",\"urlTemplate\":\"https:\/\/www.estaca.fr\/?s={search_term_string}\"},\"query-input\":\"required name=search_term_string\"}],\"inLanguage\":\"en-US\"},{\"@type\":\"Organization\",\"@id\":\"https:\/\/www.estaca.fr\/#organization\",\"name\":\"ESTACA\",\"url\":\"https:\/\/www.estaca.fr\/\",\"logo\":{\"@type\":\"ImageObject\",\"inLanguage\":\"en-US\",\"@id\":\"https:\/\/www.estaca.fr\/#\/schema\/logo\/image\/\",\"url\":\"https:\/\/www.estaca.fr\/wp-content\/uploads\/Logos\/estaca-1.jpg\",\"contentUrl\":\"https:\/\/www.estaca.fr\/wp-content\/uploads\/Logos\/estaca-1.jpg\",\"width\":196,\"height\":100,\"caption\":\"ESTACA\"},\"image\":{\"@id\":\"https:\/\/www.estaca.fr\/#\/schema\/logo\/image\/\"},\"sameAs\":[\"https:\/\/www.facebook.com\/EcoleESTACA\/\",\"https:\/\/twitter.com\/Estaca_twit\",\"https:\/\/www.instagram.com\/ecole_estaca\/\",\"https:\/\/www.linkedin.com\/school\/estaca-ecole-ingenieurs\/\",\"https:\/\/www.youtube.com\/user\/EcoleESTACA\/\"]}]}<\/script>\n<!-- \/ Yoast SEO Premium plugin. -->","yoast_head_json":{"title":"Hire interns - ESTACA","description":"Chaque \u00e9tudiant doit effectuer un an de stage en entreprise au cours de sa formation. Quatre stages en entreprise sont obligatoires, un stage est facultatif en troisi\u00e8me ann\u00e9e. Une immersion en entreprise d\u2019un an est possible entre la quatri\u00e8me et cinqui\u00e8me ann\u00e9e.","robots":{"index":"index","follow":"follow","max-snippet":"max-snippet:-1","max-image-preview":"max-image-preview:large","max-video-preview":"max-video-preview:-1"},"canonical":"https:\/\/www.estaca.fr\/en\/corporate-relations\/internship-jobs\/interns\/","og_locale":"en_US","og_type":"article","og_title":"Hire interns","og_description":"Chaque \u00e9tudiant doit effectuer un an de stage en entreprise au cours de sa formation. Quatre stages en entreprise sont obligatoires, un stage est facultatif en troisi\u00e8me ann\u00e9e. Une immersion en entreprise d\u2019un an est possible entre la quatri\u00e8me et cinqui\u00e8me ann\u00e9e.","og_url":"https:\/\/www.estaca.fr\/en\/corporate-relations\/internship-jobs\/interns\/","og_site_name":"ESTACA","article_publisher":"https:\/\/www.facebook.com\/EcoleESTACA\/","article_modified_time":"2023-03-29T07:12:13+00:00","twitter_card":"summary_large_image","twitter_site":"@Estaca_twit","schema":{"@context":"https:\/\/schema.org","@graph":[{"@type":"WebPage","@id":"https:\/\/www.estaca.fr\/en\/corporate-relations\/internship-jobs\/interns\/","url":"https:\/\/www.estaca.fr\/en\/corporate-relations\/internship-jobs\/interns\/","name":"Hire interns - ESTACA","isPartOf":{"@id":"https:\/\/www.estaca.fr\/#website"},"datePublished":"2021-08-25T15:37:19+00:00","dateModified":"2023-03-29T07:12:13+00:00","description":"Chaque \u00e9tudiant doit effectuer un an de stage en entreprise au cours de sa formation. Quatre stages en entreprise sont obligatoires, un stage est facultatif en troisi\u00e8me ann\u00e9e. Une immersion en entreprise d\u2019un an est possible entre la quatri\u00e8me et cinqui\u00e8me ann\u00e9e.","breadcrumb":{"@id":"https:\/\/www.estaca.fr\/en\/corporate-relations\/internship-jobs\/interns\/#breadcrumb"},"inLanguage":"en-US","potentialAction":[{"@type":"ReadAction","target":["https:\/\/www.estaca.fr\/en\/corporate-relations\/internship-jobs\/interns\/"]}]},{"@type":"BreadcrumbList","@id":"https:\/\/www.estaca.fr\/en\/corporate-relations\/internship-jobs\/interns\/#breadcrumb","itemListElement":[{"@type":"ListItem","position":1,"name":"Accueil","item":"https:\/\/www.estaca.fr\/en\/"},{"@type":"ListItem","position":2,"name":"Corporate relations","item":"https:\/\/www.estaca.fr\/en\/corporate-relations\/"},{"@type":"ListItem","position":3,"name":"Internship and jobs","item":"https:\/\/www.estaca.fr\/en\/corporate-relations\/internship-jobs\/"},{"@type":"ListItem","position":4,"name":"Hire interns"}]},{"@type":"WebSite","@id":"https:\/\/www.estaca.fr\/#website","url":"https:\/\/www.estaca.fr\/","name":"ESTACA","description":"Ecole d&#039;ing\u00e9nieurs","publisher":{"@id":"https:\/\/www.estaca.fr\/#organization"},"potentialAction":[{"@type":"SearchAction","target":{"@type":"EntryPoint","urlTemplate":"https:\/\/www.estaca.fr\/?s={search_term_string}"},"query-input":"required name=search_term_string"}],"inLanguage":"en-US"},{"@type":"Organization","@id":"https:\/\/www.estaca.fr\/#organization","name":"ESTACA","url":"https:\/\/www.estaca.fr\/","logo":{"@type":"ImageObject","inLanguage":"en-US","@id":"https:\/\/www.estaca.fr\/#\/schema\/logo\/image\/","url":"https:\/\/www.estaca.fr\/wp-content\/uploads\/Logos\/estaca-1.jpg","contentUrl":"https:\/\/www.estaca.fr\/wp-content\/uploads\/Logos\/estaca-1.jpg","width":196,"height":100,"caption":"ESTACA"},"image":{"@id":"https:\/\/www.estaca.fr\/#\/schema\/logo\/image\/"},"sameAs":["https:\/\/www.facebook.com\/EcoleESTACA\/","https:\/\/twitter.com\/Estaca_twit","https:\/\/www.instagram.com\/ecole_estaca\/","https:\/\/www.linkedin.com\/school\/estaca-ecole-ingenieurs\/","https:\/\/www.youtube.com\/user\/EcoleESTACA\/"]}]}},"_links":{"self":[{"href":"https:\/\/www.estaca.fr\/en\/wp-json\/wp\/v2\/pages\/7363"}],"collection":[{"href":"https:\/\/www.estaca.fr\/en\/wp-json\/wp\/v2\/pages"}],"about":[{"href":"https:\/\/www.estaca.fr\/en\/wp-json\/wp\/v2\/types\/page"}],"author":[{"embeddable":true,"href":"https:\/\/www.estaca.fr\/en\/wp-json\/wp\/v2\/users\/1"}],"replies":[{"embeddable":true,"href":"https:\/\/www.estaca.fr\/en\/wp-json\/wp\/v2\/comments?post=7363"}],"version-history":[{"count":8,"href":"https:\/\/www.estaca.fr\/en\/wp-json\/wp\/v2\/pages\/7363\/revisions"}],"predecessor-version":[{"id":19670,"href":"https:\/\/www.estaca.fr\/en\/wp-json\/wp\/v2\/pages\/7363\/revisions\/19670"}],"up":[{"embeddable":true,"href":"https:\/\/www.estaca.fr\/en\/wp-json\/wp\/v2\/pages\/7338"}],"wp:attachment":[{"href":"https:\/\/www.estaca.fr\/en\/wp-json\/wp\/v2\/media?parent=7363"}],"curies":[{"name":"wp","href":"https:\/\/api.w.org\/{rel}","templated":true}]}}