{"id":7347,"date":"2021-08-27T16:03:56","date_gmt":"2021-08-27T14:03:56","guid":{"rendered":"https:\/\/www.estaca.fr\/corporate-relations\/support-us\/fonds-dotation\/"},"modified":"2023-12-20T10:24:11","modified_gmt":"2023-12-20T09:24:11","slug":"endowment-fund","status":"publish","type":"page","link":"https:\/\/www.estaca.fr\/en\/corporate-relations\/support-us\/endowment-fund\/","title":{"rendered":"Endowment fund"},"content":{"rendered":"","protected":false},"excerpt":{"rendered":"","protected":false},"author":1,"featured_media":0,"parent":6980,"menu_order":114,"comment_status":"closed","ping_status":"closed","template":"","meta":[],"acf":[],"yoast_head":"<!-- This site is optimized with the Yoast SEO Premium plugin v21.0 (Yoast SEO v21.0) - https:\/\/yoast.com\/wordpress\/plugins\/seo\/ -->\n<title>Endowment fund - ESTACA<\/title>\n<meta name=\"description\" content=\"L\u2019ESTACA a lanc\u00e9 le Fonds de dotation ESTACA pour les mobilit\u00e9s afin de contribuer encore plus activement au d\u00e9veloppement de l\u2019\u00c9cole et ainsi atteindre son ambition d\u2019\u00eatre un expert incontournable des probl\u00e9matiques de transports et de mobilit\u00e9s, avec toujours la passion comme moteur de l\u2019innovation.\" \/>\n<meta name=\"robots\" content=\"index, follow, max-snippet:-1, max-image-preview:large, max-video-preview:-1\" \/>\n<link rel=\"canonical\" href=\"https:\/\/www.estaca.fr\/en\/corporate-relations\/support-us\/endowment-fund\/\" \/>\n<meta property=\"og:locale\" content=\"en_US\" \/>\n<meta property=\"og:type\" content=\"article\" \/>\n<meta property=\"og:title\" content=\"Endowment fund\" \/>\n<meta property=\"og:description\" content=\"L\u2019ESTACA a lanc\u00e9 le Fonds de dotation ESTACA pour les mobilit\u00e9s afin de contribuer encore plus activement au d\u00e9veloppement de l\u2019\u00c9cole et ainsi atteindre son ambition d\u2019\u00eatre un expert incontournable des probl\u00e9matiques de transports et de mobilit\u00e9s, avec toujours la passion comme moteur de l\u2019innovation.\" \/>\n<meta property=\"og:url\" content=\"https:\/\/www.estaca.fr\/en\/corporate-relations\/support-us\/endowment-fund\/\" \/>\n<meta property=\"og:site_name\" content=\"ESTACA\" \/>\n<meta property=\"article:publisher\" content=\"https:\/\/www.facebook.com\/EcoleESTACA\/\" \/>\n<meta property=\"article:modified_time\" content=\"2023-12-20T09:24:11+00:00\" \/>\n<meta name=\"twitter:card\" content=\"summary_large_image\" \/>\n<meta name=\"twitter:site\" content=\"@Estaca_twit\" \/>\n<script type=\"application\/ld+json\" class=\"yoast-schema-graph\">{\"@context\":\"https:\/\/schema.org\",\"@graph\":[{\"@type\":\"WebPage\",\"@id\":\"https:\/\/www.estaca.fr\/en\/corporate-relations\/support-us\/endowment-fund\/\",\"url\":\"https:\/\/www.estaca.fr\/en\/corporate-relations\/support-us\/endowment-fund\/\",\"name\":\"Endowment fund - ESTACA\",\"isPartOf\":{\"@id\":\"https:\/\/www.estaca.fr\/#website\"},\"datePublished\":\"2021-08-27T14:03:56+00:00\",\"dateModified\":\"2023-12-20T09:24:11+00:00\",\"description\":\"L\u2019ESTACA a lanc\u00e9 le Fonds de dotation ESTACA pour les mobilit\u00e9s afin de contribuer encore plus activement au d\u00e9veloppement de l\u2019\u00c9cole et ainsi atteindre son ambition d\u2019\u00eatre un expert incontournable des probl\u00e9matiques de transports et de mobilit\u00e9s, avec toujours la passion comme moteur de l\u2019innovation.\",\"breadcrumb\":{\"@id\":\"https:\/\/www.estaca.fr\/en\/corporate-relations\/support-us\/endowment-fund\/#breadcrumb\"},\"inLanguage\":\"en-US\",\"potentialAction\":[{\"@type\":\"ReadAction\",\"target\":[\"https:\/\/www.estaca.fr\/en\/corporate-relations\/support-us\/endowment-fund\/\"]}]},{\"@type\":\"BreadcrumbList\",\"@id\":\"https:\/\/www.estaca.fr\/en\/corporate-relations\/support-us\/endowment-fund\/#breadcrumb\",\"itemListElement\":[{\"@type\":\"ListItem\",\"position\":1,\"name\":\"Accueil\",\"item\":\"https:\/\/www.estaca.fr\/en\/\"},{\"@type\":\"ListItem\",\"position\":2,\"name\":\"Corporate relations\",\"item\":\"https:\/\/www.estaca.fr\/en\/corporate-relations\/\"},{\"@type\":\"ListItem\",\"position\":3,\"name\":\"Support us\",\"item\":\"https:\/\/www.estaca.fr\/en\/corporate-relations\/support-us\/\"},{\"@type\":\"ListItem\",\"position\":4,\"name\":\"Endowment fund\"}]},{\"@type\":\"WebSite\",\"@id\":\"https:\/\/www.estaca.fr\/#website\",\"url\":\"https:\/\/www.estaca.fr\/\",\"name\":\"ESTACA\",\"description\":\"Ecole d&#039;ing\u00e9nieurs\",\"publisher\":{\"@id\":\"https:\/\/www.estaca.fr\/#organization\"},\"potentialAction\":[{\"@type\":\"SearchAction\",\"target\":{\"@type\":\"EntryPoint\",\"urlTemplate\":\"https:\/\/www.estaca.fr\/?s={search_term_string}\"},\"query-input\":\"required name=search_term_string\"}],\"inLanguage\":\"en-US\"},{\"@type\":\"Organization\",\"@id\":\"https:\/\/www.estaca.fr\/#organization\",\"name\":\"ESTACA\",\"url\":\"https:\/\/www.estaca.fr\/\",\"logo\":{\"@type\":\"ImageObject\",\"inLanguage\":\"en-US\",\"@id\":\"https:\/\/www.estaca.fr\/#\/schema\/logo\/image\/\",\"url\":\"https:\/\/www.estaca.fr\/wp-content\/uploads\/Logos\/estaca-1.jpg\",\"contentUrl\":\"https:\/\/www.estaca.fr\/wp-content\/uploads\/Logos\/estaca-1.jpg\",\"width\":196,\"height\":100,\"caption\":\"ESTACA\"},\"image\":{\"@id\":\"https:\/\/www.estaca.fr\/#\/schema\/logo\/image\/\"},\"sameAs\":[\"https:\/\/www.facebook.com\/EcoleESTACA\/\",\"https:\/\/twitter.com\/Estaca_twit\",\"https:\/\/www.instagram.com\/ecole_estaca\/\",\"https:\/\/www.linkedin.com\/school\/estaca-ecole-ingenieurs\/\",\"https:\/\/www.youtube.com\/user\/EcoleESTACA\/\"]}]}<\/script>\n<!-- \/ Yoast SEO Premium plugin. -->","yoast_head_json":{"title":"Endowment fund - ESTACA","description":"L\u2019ESTACA a lanc\u00e9 le Fonds de dotation ESTACA pour les mobilit\u00e9s afin de contribuer encore plus activement au d\u00e9veloppement de l\u2019\u00c9cole et ainsi atteindre son ambition d\u2019\u00eatre un expert incontournable des probl\u00e9matiques de transports et de mobilit\u00e9s, avec toujours la passion comme moteur de l\u2019innovation.","robots":{"index":"index","follow":"follow","max-snippet":"max-snippet:-1","max-image-preview":"max-image-preview:large","max-video-preview":"max-video-preview:-1"},"canonical":"https:\/\/www.estaca.fr\/en\/corporate-relations\/support-us\/endowment-fund\/","og_locale":"en_US","og_type":"article","og_title":"Endowment fund","og_description":"L\u2019ESTACA a lanc\u00e9 le Fonds de dotation ESTACA pour les mobilit\u00e9s afin de contribuer encore plus activement au d\u00e9veloppement de l\u2019\u00c9cole et ainsi atteindre son ambition d\u2019\u00eatre un expert incontournable des probl\u00e9matiques de transports et de mobilit\u00e9s, avec toujours la passion comme moteur de l\u2019innovation.","og_url":"https:\/\/www.estaca.fr\/en\/corporate-relations\/support-us\/endowment-fund\/","og_site_name":"ESTACA","article_publisher":"https:\/\/www.facebook.com\/EcoleESTACA\/","article_modified_time":"2023-12-20T09:24:11+00:00","twitter_card":"summary_large_image","twitter_site":"@Estaca_twit","schema":{"@context":"https:\/\/schema.org","@graph":[{"@type":"WebPage","@id":"https:\/\/www.estaca.fr\/en\/corporate-relations\/support-us\/endowment-fund\/","url":"https:\/\/www.estaca.fr\/en\/corporate-relations\/support-us\/endowment-fund\/","name":"Endowment fund - ESTACA","isPartOf":{"@id":"https:\/\/www.estaca.fr\/#website"},"datePublished":"2021-08-27T14:03:56+00:00","dateModified":"2023-12-20T09:24:11+00:00","description":"L\u2019ESTACA a lanc\u00e9 le Fonds de dotation ESTACA pour les mobilit\u00e9s afin de contribuer encore plus activement au d\u00e9veloppement de l\u2019\u00c9cole et ainsi atteindre son ambition d\u2019\u00eatre un expert incontournable des probl\u00e9matiques de transports et de mobilit\u00e9s, avec toujours la passion comme moteur de l\u2019innovation.","breadcrumb":{"@id":"https:\/\/www.estaca.fr\/en\/corporate-relations\/support-us\/endowment-fund\/#breadcrumb"},"inLanguage":"en-US","potentialAction":[{"@type":"ReadAction","target":["https:\/\/www.estaca.fr\/en\/corporate-relations\/support-us\/endowment-fund\/"]}]},{"@type":"BreadcrumbList","@id":"https:\/\/www.estaca.fr\/en\/corporate-relations\/support-us\/endowment-fund\/#breadcrumb","itemListElement":[{"@type":"ListItem","position":1,"name":"Accueil","item":"https:\/\/www.estaca.fr\/en\/"},{"@type":"ListItem","position":2,"name":"Corporate relations","item":"https:\/\/www.estaca.fr\/en\/corporate-relations\/"},{"@type":"ListItem","position":3,"name":"Support us","item":"https:\/\/www.estaca.fr\/en\/corporate-relations\/support-us\/"},{"@type":"ListItem","position":4,"name":"Endowment fund"}]},{"@type":"WebSite","@id":"https:\/\/www.estaca.fr\/#website","url":"https:\/\/www.estaca.fr\/","name":"ESTACA","description":"Ecole d&#039;ing\u00e9nieurs","publisher":{"@id":"https:\/\/www.estaca.fr\/#organization"},"potentialAction":[{"@type":"SearchAction","target":{"@type":"EntryPoint","urlTemplate":"https:\/\/www.estaca.fr\/?s={search_term_string}"},"query-input":"required name=search_term_string"}],"inLanguage":"en-US"},{"@type":"Organization","@id":"https:\/\/www.estaca.fr\/#organization","name":"ESTACA","url":"https:\/\/www.estaca.fr\/","logo":{"@type":"ImageObject","inLanguage":"en-US","@id":"https:\/\/www.estaca.fr\/#\/schema\/logo\/image\/","url":"https:\/\/www.estaca.fr\/wp-content\/uploads\/Logos\/estaca-1.jpg","contentUrl":"https:\/\/www.estaca.fr\/wp-content\/uploads\/Logos\/estaca-1.jpg","width":196,"height":100,"caption":"ESTACA"},"image":{"@id":"https:\/\/www.estaca.fr\/#\/schema\/logo\/image\/"},"sameAs":["https:\/\/www.facebook.com\/EcoleESTACA\/","https:\/\/twitter.com\/Estaca_twit","https:\/\/www.instagram.com\/ecole_estaca\/","https:\/\/www.linkedin.com\/school\/estaca-ecole-ingenieurs\/","https:\/\/www.youtube.com\/user\/EcoleESTACA\/"]}]}},"_links":{"self":[{"href":"https:\/\/www.estaca.fr\/en\/wp-json\/wp\/v2\/pages\/7347"}],"collection":[{"href":"https:\/\/www.estaca.fr\/en\/wp-json\/wp\/v2\/pages"}],"about":[{"href":"https:\/\/www.estaca.fr\/en\/wp-json\/wp\/v2\/types\/page"}],"author":[{"embeddable":true,"href":"https:\/\/www.estaca.fr\/en\/wp-json\/wp\/v2\/users\/1"}],"replies":[{"embeddable":true,"href":"https:\/\/www.estaca.fr\/en\/wp-json\/wp\/v2\/comments?post=7347"}],"version-history":[{"count":7,"href":"https:\/\/www.estaca.fr\/en\/wp-json\/wp\/v2\/pages\/7347\/revisions"}],"predecessor-version":[{"id":23091,"href":"https:\/\/www.estaca.fr\/en\/wp-json\/wp\/v2\/pages\/7347\/revisions\/23091"}],"up":[{"embeddable":true,"href":"https:\/\/www.estaca.fr\/en\/wp-json\/wp\/v2\/pages\/6980"}],"wp:attachment":[{"href":"https:\/\/www.estaca.fr\/en\/wp-json\/wp\/v2\/media?parent=7347"}],"curies":[{"name":"wp","href":"https:\/\/api.w.org\/{rel}","templated":true}]}}