{"id":7158,"date":"2021-08-18T14:46:02","date_gmt":"2021-08-18T12:46:02","guid":{"rendered":"https:\/\/www.estaca.fr\/programs\/engineer\/naval\/"},"modified":"2021-09-29T14:03:27","modified_gmt":"2021-09-29T12:03:27","slug":"shipping","status":"publish","type":"page","link":"https:\/\/www.estaca.fr\/en\/programs\/engineer\/shipping\/","title":{"rendered":"Shipping Engineer"},"content":{"rendered":"","protected":false},"excerpt":{"rendered":"","protected":false},"author":1,"featured_media":0,"parent":7074,"menu_order":21,"comment_status":"closed","ping_status":"closed","template":"views\/formation.blade.php","meta":[],"acf":[],"yoast_head":"<!-- This site is optimized with the Yoast SEO Premium plugin v21.0 (Yoast SEO v21.0) - https:\/\/yoast.com\/wordpress\/plugins\/seo\/ -->\n<title>Shipping Engineer - ESTACA<\/title>\n<meta name=\"description\" content=\"Devenir ing\u00e9nieur dans le naval, c\u2019est travailler \u00e0 la diversification et gestion des \u00e9nergies, aux syst\u00e8mes propulsifs innovants, au confort, \u00e0 la qualit\u00e9 de l\u2019air, la digitalisation, les navires intelligents et autonomes, la d\u00e9pollution, ou encore la supply chain.\" \/>\n<meta name=\"robots\" content=\"index, follow, max-snippet:-1, max-image-preview:large, max-video-preview:-1\" \/>\n<link rel=\"canonical\" href=\"https:\/\/www.estaca.fr\/en\/programs\/engineer\/shipping\/\" \/>\n<meta property=\"og:locale\" content=\"en_US\" \/>\n<meta property=\"og:type\" content=\"article\" \/>\n<meta property=\"og:title\" content=\"Shipping Engineer\" \/>\n<meta property=\"og:description\" content=\"Devenir ing\u00e9nieur dans le naval, c\u2019est travailler \u00e0 la diversification et gestion des \u00e9nergies, aux syst\u00e8mes propulsifs innovants, au confort, \u00e0 la qualit\u00e9 de l\u2019air, la digitalisation, les navires intelligents et autonomes, la d\u00e9pollution, ou encore la supply chain.\" \/>\n<meta property=\"og:url\" content=\"https:\/\/www.estaca.fr\/en\/programs\/engineer\/shipping\/\" \/>\n<meta property=\"og:site_name\" content=\"ESTACA\" \/>\n<meta property=\"article:publisher\" content=\"https:\/\/www.facebook.com\/EcoleESTACA\/\" \/>\n<meta property=\"article:modified_time\" content=\"2021-09-29T12:03:27+00:00\" \/>\n<meta name=\"twitter:card\" content=\"summary_large_image\" \/>\n<meta name=\"twitter:site\" content=\"@Estaca_twit\" \/>\n<script type=\"application\/ld+json\" class=\"yoast-schema-graph\">{\"@context\":\"https:\/\/schema.org\",\"@graph\":[{\"@type\":\"WebPage\",\"@id\":\"https:\/\/www.estaca.fr\/en\/programs\/engineer\/shipping\/\",\"url\":\"https:\/\/www.estaca.fr\/en\/programs\/engineer\/shipping\/\",\"name\":\"Shipping Engineer - ESTACA\",\"isPartOf\":{\"@id\":\"https:\/\/www.estaca.fr\/#website\"},\"datePublished\":\"2021-08-18T12:46:02+00:00\",\"dateModified\":\"2021-09-29T12:03:27+00:00\",\"description\":\"Devenir ing\u00e9nieur dans le naval, c\u2019est travailler \u00e0 la diversification et gestion des \u00e9nergies, aux syst\u00e8mes propulsifs innovants, au confort, \u00e0 la qualit\u00e9 de l\u2019air, la digitalisation, les navires intelligents et autonomes, la d\u00e9pollution, ou encore la supply chain.\",\"breadcrumb\":{\"@id\":\"https:\/\/www.estaca.fr\/en\/programs\/engineer\/shipping\/#breadcrumb\"},\"inLanguage\":\"en-US\",\"potentialAction\":[{\"@type\":\"ReadAction\",\"target\":[\"https:\/\/www.estaca.fr\/en\/programs\/engineer\/shipping\/\"]}]},{\"@type\":\"BreadcrumbList\",\"@id\":\"https:\/\/www.estaca.fr\/en\/programs\/engineer\/shipping\/#breadcrumb\",\"itemListElement\":[{\"@type\":\"ListItem\",\"position\":1,\"name\":\"Accueil\",\"item\":\"https:\/\/www.estaca.fr\/en\/\"},{\"@type\":\"ListItem\",\"position\":2,\"name\":\"Programs\",\"item\":\"https:\/\/www.estaca.fr\/en\/programs\/\"},{\"@type\":\"ListItem\",\"position\":3,\"name\":\"Engineer (in french)\",\"item\":\"https:\/\/www.estaca.fr\/en\/programs\/engineer\/\"},{\"@type\":\"ListItem\",\"position\":4,\"name\":\"Shipping Engineer\"}]},{\"@type\":\"WebSite\",\"@id\":\"https:\/\/www.estaca.fr\/#website\",\"url\":\"https:\/\/www.estaca.fr\/\",\"name\":\"ESTACA\",\"description\":\"Ecole d&#039;ing\u00e9nieurs\",\"publisher\":{\"@id\":\"https:\/\/www.estaca.fr\/#organization\"},\"potentialAction\":[{\"@type\":\"SearchAction\",\"target\":{\"@type\":\"EntryPoint\",\"urlTemplate\":\"https:\/\/www.estaca.fr\/?s={search_term_string}\"},\"query-input\":\"required name=search_term_string\"}],\"inLanguage\":\"en-US\"},{\"@type\":\"Organization\",\"@id\":\"https:\/\/www.estaca.fr\/#organization\",\"name\":\"ESTACA\",\"url\":\"https:\/\/www.estaca.fr\/\",\"logo\":{\"@type\":\"ImageObject\",\"inLanguage\":\"en-US\",\"@id\":\"https:\/\/www.estaca.fr\/#\/schema\/logo\/image\/\",\"url\":\"https:\/\/www.estaca.fr\/wp-content\/uploads\/Logos\/estaca-1.jpg\",\"contentUrl\":\"https:\/\/www.estaca.fr\/wp-content\/uploads\/Logos\/estaca-1.jpg\",\"width\":196,\"height\":100,\"caption\":\"ESTACA\"},\"image\":{\"@id\":\"https:\/\/www.estaca.fr\/#\/schema\/logo\/image\/\"},\"sameAs\":[\"https:\/\/www.facebook.com\/EcoleESTACA\/\",\"https:\/\/twitter.com\/Estaca_twit\",\"https:\/\/www.instagram.com\/ecole_estaca\/\",\"https:\/\/www.linkedin.com\/school\/estaca-ecole-ingenieurs\/\",\"https:\/\/www.youtube.com\/user\/EcoleESTACA\/\"]}]}<\/script>\n<!-- \/ Yoast SEO Premium plugin. -->","yoast_head_json":{"title":"Shipping Engineer - ESTACA","description":"Devenir ing\u00e9nieur dans le naval, c\u2019est travailler \u00e0 la diversification et gestion des \u00e9nergies, aux syst\u00e8mes propulsifs innovants, au confort, \u00e0 la qualit\u00e9 de l\u2019air, la digitalisation, les navires intelligents et autonomes, la d\u00e9pollution, ou encore la supply chain.","robots":{"index":"index","follow":"follow","max-snippet":"max-snippet:-1","max-image-preview":"max-image-preview:large","max-video-preview":"max-video-preview:-1"},"canonical":"https:\/\/www.estaca.fr\/en\/programs\/engineer\/shipping\/","og_locale":"en_US","og_type":"article","og_title":"Shipping Engineer","og_description":"Devenir ing\u00e9nieur dans le naval, c\u2019est travailler \u00e0 la diversification et gestion des \u00e9nergies, aux syst\u00e8mes propulsifs innovants, au confort, \u00e0 la qualit\u00e9 de l\u2019air, la digitalisation, les navires intelligents et autonomes, la d\u00e9pollution, ou encore la supply chain.","og_url":"https:\/\/www.estaca.fr\/en\/programs\/engineer\/shipping\/","og_site_name":"ESTACA","article_publisher":"https:\/\/www.facebook.com\/EcoleESTACA\/","article_modified_time":"2021-09-29T12:03:27+00:00","twitter_card":"summary_large_image","twitter_site":"@Estaca_twit","schema":{"@context":"https:\/\/schema.org","@graph":[{"@type":"WebPage","@id":"https:\/\/www.estaca.fr\/en\/programs\/engineer\/shipping\/","url":"https:\/\/www.estaca.fr\/en\/programs\/engineer\/shipping\/","name":"Shipping Engineer - ESTACA","isPartOf":{"@id":"https:\/\/www.estaca.fr\/#website"},"datePublished":"2021-08-18T12:46:02+00:00","dateModified":"2021-09-29T12:03:27+00:00","description":"Devenir ing\u00e9nieur dans le naval, c\u2019est travailler \u00e0 la diversification et gestion des \u00e9nergies, aux syst\u00e8mes propulsifs innovants, au confort, \u00e0 la qualit\u00e9 de l\u2019air, la digitalisation, les navires intelligents et autonomes, la d\u00e9pollution, ou encore la supply chain.","breadcrumb":{"@id":"https:\/\/www.estaca.fr\/en\/programs\/engineer\/shipping\/#breadcrumb"},"inLanguage":"en-US","potentialAction":[{"@type":"ReadAction","target":["https:\/\/www.estaca.fr\/en\/programs\/engineer\/shipping\/"]}]},{"@type":"BreadcrumbList","@id":"https:\/\/www.estaca.fr\/en\/programs\/engineer\/shipping\/#breadcrumb","itemListElement":[{"@type":"ListItem","position":1,"name":"Accueil","item":"https:\/\/www.estaca.fr\/en\/"},{"@type":"ListItem","position":2,"name":"Programs","item":"https:\/\/www.estaca.fr\/en\/programs\/"},{"@type":"ListItem","position":3,"name":"Engineer (in french)","item":"https:\/\/www.estaca.fr\/en\/programs\/engineer\/"},{"@type":"ListItem","position":4,"name":"Shipping Engineer"}]},{"@type":"WebSite","@id":"https:\/\/www.estaca.fr\/#website","url":"https:\/\/www.estaca.fr\/","name":"ESTACA","description":"Ecole d&#039;ing\u00e9nieurs","publisher":{"@id":"https:\/\/www.estaca.fr\/#organization"},"potentialAction":[{"@type":"SearchAction","target":{"@type":"EntryPoint","urlTemplate":"https:\/\/www.estaca.fr\/?s={search_term_string}"},"query-input":"required name=search_term_string"}],"inLanguage":"en-US"},{"@type":"Organization","@id":"https:\/\/www.estaca.fr\/#organization","name":"ESTACA","url":"https:\/\/www.estaca.fr\/","logo":{"@type":"ImageObject","inLanguage":"en-US","@id":"https:\/\/www.estaca.fr\/#\/schema\/logo\/image\/","url":"https:\/\/www.estaca.fr\/wp-content\/uploads\/Logos\/estaca-1.jpg","contentUrl":"https:\/\/www.estaca.fr\/wp-content\/uploads\/Logos\/estaca-1.jpg","width":196,"height":100,"caption":"ESTACA"},"image":{"@id":"https:\/\/www.estaca.fr\/#\/schema\/logo\/image\/"},"sameAs":["https:\/\/www.facebook.com\/EcoleESTACA\/","https:\/\/twitter.com\/Estaca_twit","https:\/\/www.instagram.com\/ecole_estaca\/","https:\/\/www.linkedin.com\/school\/estaca-ecole-ingenieurs\/","https:\/\/www.youtube.com\/user\/EcoleESTACA\/"]}]}},"_links":{"self":[{"href":"https:\/\/www.estaca.fr\/en\/wp-json\/wp\/v2\/pages\/7158"}],"collection":[{"href":"https:\/\/www.estaca.fr\/en\/wp-json\/wp\/v2\/pages"}],"about":[{"href":"https:\/\/www.estaca.fr\/en\/wp-json\/wp\/v2\/types\/page"}],"author":[{"embeddable":true,"href":"https:\/\/www.estaca.fr\/en\/wp-json\/wp\/v2\/users\/1"}],"replies":[{"embeddable":true,"href":"https:\/\/www.estaca.fr\/en\/wp-json\/wp\/v2\/comments?post=7158"}],"version-history":[{"count":8,"href":"https:\/\/www.estaca.fr\/en\/wp-json\/wp\/v2\/pages\/7158\/revisions"}],"predecessor-version":[{"id":7476,"href":"https:\/\/www.estaca.fr\/en\/wp-json\/wp\/v2\/pages\/7158\/revisions\/7476"}],"up":[{"embeddable":true,"href":"https:\/\/www.estaca.fr\/en\/wp-json\/wp\/v2\/pages\/7074"}],"wp:attachment":[{"href":"https:\/\/www.estaca.fr\/en\/wp-json\/wp\/v2\/media?parent=7158"}],"curies":[{"name":"wp","href":"https:\/\/api.w.org\/{rel}","templated":true}]}}