{"id":7150,"date":"2021-07-27T15:02:39","date_gmt":"2021-07-27T13:02:39","guid":{"rendered":"https:\/\/www.estaca.fr\/programs\/short-programs\/automobile-aeronautical-design\/"},"modified":"2025-02-21T10:24:39","modified_gmt":"2025-02-21T09:24:39","slug":"automotive-aeronautics-design","status":"publish","type":"page","link":"https:\/\/www.estaca.fr\/en\/programs\/short-programs\/automotive-aeronautics-design\/","title":{"rendered":"Automotive &#038; Aeronautics Design Program"},"content":{"rendered":"","protected":false},"excerpt":{"rendered":"","protected":false},"author":1,"featured_media":0,"parent":7072,"menu_order":34,"comment_status":"closed","ping_status":"closed","template":"","meta":[],"acf":[],"yoast_head":"<!-- This site is optimized with the Yoast SEO Premium plugin v21.0 (Yoast SEO v21.0) - https:\/\/yoast.com\/wordpress\/plugins\/seo\/ -->\n<title>Automotive &amp; Aeronautics Design Program - ESTACA<\/title>\n<meta name=\"description\" content=\"Ce cursus se d\u00e9roule sur un semestre de f\u00e9vrier \u00e0 juin. Les enseignements se font en anglais. Il est ouvert aux \u00e9tudiants internationaux et aux \u00e9tudiants en 4e ann\u00e9e \u00e0 l&#039;ESTACA. Les \u00e9tudiants fran\u00e7ais souhaitant suivre ce programme doivent justifier leur connaissance de l&#039;anglais (TOEFL iBT : 79 ou TOEIC : 785 ou IELTS : 6.0).\" \/>\n<meta name=\"robots\" content=\"index, follow, max-snippet:-1, max-image-preview:large, max-video-preview:-1\" \/>\n<link rel=\"canonical\" href=\"https:\/\/www.estaca.fr\/en\/programs\/short-programs\/automotive-aeronautics-design\/\" \/>\n<meta property=\"og:locale\" content=\"en_US\" \/>\n<meta property=\"og:type\" content=\"article\" \/>\n<meta property=\"og:title\" content=\"Automotive &amp; Aeronautics Design Program\" \/>\n<meta property=\"og:description\" content=\"Ce cursus se d\u00e9roule sur un semestre de f\u00e9vrier \u00e0 juin. Les enseignements se font en anglais. Il est ouvert aux \u00e9tudiants internationaux et aux \u00e9tudiants en 4e ann\u00e9e \u00e0 l&#039;ESTACA. Les \u00e9tudiants fran\u00e7ais souhaitant suivre ce programme doivent justifier leur connaissance de l&#039;anglais (TOEFL iBT : 79 ou TOEIC : 785 ou IELTS : 6.0).\" \/>\n<meta property=\"og:url\" content=\"https:\/\/www.estaca.fr\/en\/programs\/short-programs\/automotive-aeronautics-design\/\" \/>\n<meta property=\"og:site_name\" content=\"ESTACA\" \/>\n<meta property=\"article:publisher\" content=\"https:\/\/www.facebook.com\/EcoleESTACA\/\" \/>\n<meta property=\"article:modified_time\" content=\"2025-02-21T09:24:39+00:00\" \/>\n<meta name=\"twitter:card\" content=\"summary_large_image\" \/>\n<meta name=\"twitter:site\" content=\"@Estaca_twit\" \/>\n<script type=\"application\/ld+json\" class=\"yoast-schema-graph\">{\"@context\":\"https:\/\/schema.org\",\"@graph\":[{\"@type\":\"WebPage\",\"@id\":\"https:\/\/www.estaca.fr\/en\/programs\/short-programs\/automotive-aeronautics-design\/\",\"url\":\"https:\/\/www.estaca.fr\/en\/programs\/short-programs\/automotive-aeronautics-design\/\",\"name\":\"Automotive & Aeronautics Design Program - ESTACA\",\"isPartOf\":{\"@id\":\"https:\/\/www.estaca.fr\/#website\"},\"datePublished\":\"2021-07-27T13:02:39+00:00\",\"dateModified\":\"2025-02-21T09:24:39+00:00\",\"description\":\"Ce cursus se d\u00e9roule sur un semestre de f\u00e9vrier \u00e0 juin. Les enseignements se font en anglais. Il est ouvert aux \u00e9tudiants internationaux et aux \u00e9tudiants en 4e ann\u00e9e \u00e0 l'ESTACA. Les \u00e9tudiants fran\u00e7ais souhaitant suivre ce programme doivent justifier leur connaissance de l'anglais (TOEFL iBT : 79 ou TOEIC : 785 ou IELTS : 6.0).\",\"breadcrumb\":{\"@id\":\"https:\/\/www.estaca.fr\/en\/programs\/short-programs\/automotive-aeronautics-design\/#breadcrumb\"},\"inLanguage\":\"en-US\",\"potentialAction\":[{\"@type\":\"ReadAction\",\"target\":[\"https:\/\/www.estaca.fr\/en\/programs\/short-programs\/automotive-aeronautics-design\/\"]}]},{\"@type\":\"BreadcrumbList\",\"@id\":\"https:\/\/www.estaca.fr\/en\/programs\/short-programs\/automotive-aeronautics-design\/#breadcrumb\",\"itemListElement\":[{\"@type\":\"ListItem\",\"position\":1,\"name\":\"Accueil\",\"item\":\"https:\/\/www.estaca.fr\/en\/\"},{\"@type\":\"ListItem\",\"position\":2,\"name\":\"Programs\",\"item\":\"https:\/\/www.estaca.fr\/en\/programs\/\"},{\"@type\":\"ListItem\",\"position\":3,\"name\":\"Short programs\",\"item\":\"https:\/\/www.estaca.fr\/en\/programs\/short-programs\/\"},{\"@type\":\"ListItem\",\"position\":4,\"name\":\"Automotive &#038; Aeronautics Design Program\"}]},{\"@type\":\"WebSite\",\"@id\":\"https:\/\/www.estaca.fr\/#website\",\"url\":\"https:\/\/www.estaca.fr\/\",\"name\":\"ESTACA\",\"description\":\"Ecole d&#039;ing\u00e9nieurs\",\"publisher\":{\"@id\":\"https:\/\/www.estaca.fr\/#organization\"},\"potentialAction\":[{\"@type\":\"SearchAction\",\"target\":{\"@type\":\"EntryPoint\",\"urlTemplate\":\"https:\/\/www.estaca.fr\/?s={search_term_string}\"},\"query-input\":\"required name=search_term_string\"}],\"inLanguage\":\"en-US\"},{\"@type\":\"Organization\",\"@id\":\"https:\/\/www.estaca.fr\/#organization\",\"name\":\"ESTACA\",\"url\":\"https:\/\/www.estaca.fr\/\",\"logo\":{\"@type\":\"ImageObject\",\"inLanguage\":\"en-US\",\"@id\":\"https:\/\/www.estaca.fr\/#\/schema\/logo\/image\/\",\"url\":\"https:\/\/www.estaca.fr\/wp-content\/uploads\/Logos\/estaca-1.jpg\",\"contentUrl\":\"https:\/\/www.estaca.fr\/wp-content\/uploads\/Logos\/estaca-1.jpg\",\"width\":196,\"height\":100,\"caption\":\"ESTACA\"},\"image\":{\"@id\":\"https:\/\/www.estaca.fr\/#\/schema\/logo\/image\/\"},\"sameAs\":[\"https:\/\/www.facebook.com\/EcoleESTACA\/\",\"https:\/\/twitter.com\/Estaca_twit\",\"https:\/\/www.instagram.com\/ecole_estaca\/\",\"https:\/\/www.linkedin.com\/school\/estaca-ecole-ingenieurs\/\",\"https:\/\/www.youtube.com\/user\/EcoleESTACA\/\"]}]}<\/script>\n<!-- \/ Yoast SEO Premium plugin. -->","yoast_head_json":{"title":"Automotive & Aeronautics Design Program - ESTACA","description":"Ce cursus se d\u00e9roule sur un semestre de f\u00e9vrier \u00e0 juin. Les enseignements se font en anglais. Il est ouvert aux \u00e9tudiants internationaux et aux \u00e9tudiants en 4e ann\u00e9e \u00e0 l'ESTACA. Les \u00e9tudiants fran\u00e7ais souhaitant suivre ce programme doivent justifier leur connaissance de l'anglais (TOEFL iBT : 79 ou TOEIC : 785 ou IELTS : 6.0).","robots":{"index":"index","follow":"follow","max-snippet":"max-snippet:-1","max-image-preview":"max-image-preview:large","max-video-preview":"max-video-preview:-1"},"canonical":"https:\/\/www.estaca.fr\/en\/programs\/short-programs\/automotive-aeronautics-design\/","og_locale":"en_US","og_type":"article","og_title":"Automotive & Aeronautics Design Program","og_description":"Ce cursus se d\u00e9roule sur un semestre de f\u00e9vrier \u00e0 juin. Les enseignements se font en anglais. Il est ouvert aux \u00e9tudiants internationaux et aux \u00e9tudiants en 4e ann\u00e9e \u00e0 l'ESTACA. Les \u00e9tudiants fran\u00e7ais souhaitant suivre ce programme doivent justifier leur connaissance de l'anglais (TOEFL iBT : 79 ou TOEIC : 785 ou IELTS : 6.0).","og_url":"https:\/\/www.estaca.fr\/en\/programs\/short-programs\/automotive-aeronautics-design\/","og_site_name":"ESTACA","article_publisher":"https:\/\/www.facebook.com\/EcoleESTACA\/","article_modified_time":"2025-02-21T09:24:39+00:00","twitter_card":"summary_large_image","twitter_site":"@Estaca_twit","schema":{"@context":"https:\/\/schema.org","@graph":[{"@type":"WebPage","@id":"https:\/\/www.estaca.fr\/en\/programs\/short-programs\/automotive-aeronautics-design\/","url":"https:\/\/www.estaca.fr\/en\/programs\/short-programs\/automotive-aeronautics-design\/","name":"Automotive & Aeronautics Design Program - ESTACA","isPartOf":{"@id":"https:\/\/www.estaca.fr\/#website"},"datePublished":"2021-07-27T13:02:39+00:00","dateModified":"2025-02-21T09:24:39+00:00","description":"Ce cursus se d\u00e9roule sur un semestre de f\u00e9vrier \u00e0 juin. Les enseignements se font en anglais. Il est ouvert aux \u00e9tudiants internationaux et aux \u00e9tudiants en 4e ann\u00e9e \u00e0 l'ESTACA. Les \u00e9tudiants fran\u00e7ais souhaitant suivre ce programme doivent justifier leur connaissance de l'anglais (TOEFL iBT : 79 ou TOEIC : 785 ou IELTS : 6.0).","breadcrumb":{"@id":"https:\/\/www.estaca.fr\/en\/programs\/short-programs\/automotive-aeronautics-design\/#breadcrumb"},"inLanguage":"en-US","potentialAction":[{"@type":"ReadAction","target":["https:\/\/www.estaca.fr\/en\/programs\/short-programs\/automotive-aeronautics-design\/"]}]},{"@type":"BreadcrumbList","@id":"https:\/\/www.estaca.fr\/en\/programs\/short-programs\/automotive-aeronautics-design\/#breadcrumb","itemListElement":[{"@type":"ListItem","position":1,"name":"Accueil","item":"https:\/\/www.estaca.fr\/en\/"},{"@type":"ListItem","position":2,"name":"Programs","item":"https:\/\/www.estaca.fr\/en\/programs\/"},{"@type":"ListItem","position":3,"name":"Short programs","item":"https:\/\/www.estaca.fr\/en\/programs\/short-programs\/"},{"@type":"ListItem","position":4,"name":"Automotive &#038; Aeronautics Design Program"}]},{"@type":"WebSite","@id":"https:\/\/www.estaca.fr\/#website","url":"https:\/\/www.estaca.fr\/","name":"ESTACA","description":"Ecole d&#039;ing\u00e9nieurs","publisher":{"@id":"https:\/\/www.estaca.fr\/#organization"},"potentialAction":[{"@type":"SearchAction","target":{"@type":"EntryPoint","urlTemplate":"https:\/\/www.estaca.fr\/?s={search_term_string}"},"query-input":"required name=search_term_string"}],"inLanguage":"en-US"},{"@type":"Organization","@id":"https:\/\/www.estaca.fr\/#organization","name":"ESTACA","url":"https:\/\/www.estaca.fr\/","logo":{"@type":"ImageObject","inLanguage":"en-US","@id":"https:\/\/www.estaca.fr\/#\/schema\/logo\/image\/","url":"https:\/\/www.estaca.fr\/wp-content\/uploads\/Logos\/estaca-1.jpg","contentUrl":"https:\/\/www.estaca.fr\/wp-content\/uploads\/Logos\/estaca-1.jpg","width":196,"height":100,"caption":"ESTACA"},"image":{"@id":"https:\/\/www.estaca.fr\/#\/schema\/logo\/image\/"},"sameAs":["https:\/\/www.facebook.com\/EcoleESTACA\/","https:\/\/twitter.com\/Estaca_twit","https:\/\/www.instagram.com\/ecole_estaca\/","https:\/\/www.linkedin.com\/school\/estaca-ecole-ingenieurs\/","https:\/\/www.youtube.com\/user\/EcoleESTACA\/"]}]}},"_links":{"self":[{"href":"https:\/\/www.estaca.fr\/en\/wp-json\/wp\/v2\/pages\/7150"}],"collection":[{"href":"https:\/\/www.estaca.fr\/en\/wp-json\/wp\/v2\/pages"}],"about":[{"href":"https:\/\/www.estaca.fr\/en\/wp-json\/wp\/v2\/types\/page"}],"author":[{"embeddable":true,"href":"https:\/\/www.estaca.fr\/en\/wp-json\/wp\/v2\/users\/1"}],"replies":[{"embeddable":true,"href":"https:\/\/www.estaca.fr\/en\/wp-json\/wp\/v2\/comments?post=7150"}],"version-history":[{"count":10,"href":"https:\/\/www.estaca.fr\/en\/wp-json\/wp\/v2\/pages\/7150\/revisions"}],"predecessor-version":[{"id":27187,"href":"https:\/\/www.estaca.fr\/en\/wp-json\/wp\/v2\/pages\/7150\/revisions\/27187"}],"up":[{"embeddable":true,"href":"https:\/\/www.estaca.fr\/en\/wp-json\/wp\/v2\/pages\/7072"}],"wp:attachment":[{"href":"https:\/\/www.estaca.fr\/en\/wp-json\/wp\/v2\/media?parent=7150"}],"curies":[{"name":"wp","href":"https:\/\/api.w.org\/{rel}","templated":true}]}}