{"id":7074,"date":"2021-08-17T12:35:26","date_gmt":"2021-08-17T10:35:26","guid":{"rendered":"https:\/\/www.estaca.fr\/programs\/ingenieur\/"},"modified":"2023-02-21T17:01:55","modified_gmt":"2023-02-21T16:01:55","slug":"engineer","status":"publish","type":"page","link":"https:\/\/www.estaca.fr\/en\/programs\/engineer\/","title":{"rendered":"Engineer (in french)"},"content":{"rendered":"","protected":false},"excerpt":{"rendered":"","protected":false},"author":1,"featured_media":0,"parent":7002,"menu_order":16,"comment_status":"closed","ping_status":"closed","template":"","meta":[],"acf":[],"yoast_head":"<!-- This site is optimized with the Yoast SEO Premium plugin v21.0 (Yoast SEO v21.0) - https:\/\/yoast.com\/wordpress\/plugins\/seo\/ -->\n<title>Engineer (in french) - ESTACA<\/title>\n<meta name=\"description\" content=\"Notre ambition, \u00e0 l\u2019ESTACA, est de former des ing\u00e9nieurs en a\u00e9ronautique, des ing\u00e9nieurs en automobile, des ing\u00e9nieurs en spatial, des ing\u00e9nieurs en naval ou des ing\u00e9nieurs ferroviaires op\u00e9rationnels et adaptables aux \u00e9volutions technologiques du monde industriel de demain.\" \/>\n<meta name=\"robots\" content=\"index, follow, max-snippet:-1, max-image-preview:large, max-video-preview:-1\" \/>\n<link rel=\"canonical\" href=\"https:\/\/www.estaca.fr\/en\/programs\/engineer\/\" \/>\n<meta property=\"og:locale\" content=\"en_US\" \/>\n<meta property=\"og:type\" content=\"article\" \/>\n<meta property=\"og:title\" content=\"Engineer (in french)\" \/>\n<meta property=\"og:description\" content=\"Notre ambition, \u00e0 l\u2019ESTACA, est de former des ing\u00e9nieurs en a\u00e9ronautique, des ing\u00e9nieurs en automobile, des ing\u00e9nieurs en spatial, des ing\u00e9nieurs en naval ou des ing\u00e9nieurs ferroviaires op\u00e9rationnels et adaptables aux \u00e9volutions technologiques du monde industriel de demain.\" \/>\n<meta property=\"og:url\" content=\"https:\/\/www.estaca.fr\/en\/programs\/engineer\/\" \/>\n<meta property=\"og:site_name\" content=\"ESTACA\" \/>\n<meta property=\"article:publisher\" content=\"https:\/\/www.facebook.com\/EcoleESTACA\/\" \/>\n<meta property=\"article:modified_time\" content=\"2023-02-21T16:01:55+00:00\" \/>\n<meta name=\"twitter:card\" content=\"summary_large_image\" \/>\n<meta name=\"twitter:site\" content=\"@Estaca_twit\" \/>\n<script type=\"application\/ld+json\" class=\"yoast-schema-graph\">{\"@context\":\"https:\/\/schema.org\",\"@graph\":[{\"@type\":\"WebPage\",\"@id\":\"https:\/\/www.estaca.fr\/en\/programs\/engineer\/\",\"url\":\"https:\/\/www.estaca.fr\/en\/programs\/engineer\/\",\"name\":\"Engineer (in french) - ESTACA\",\"isPartOf\":{\"@id\":\"https:\/\/www.estaca.fr\/#website\"},\"datePublished\":\"2021-08-17T10:35:26+00:00\",\"dateModified\":\"2023-02-21T16:01:55+00:00\",\"description\":\"Notre ambition, \u00e0 l\u2019ESTACA, est de former des ing\u00e9nieurs en a\u00e9ronautique, des ing\u00e9nieurs en automobile, des ing\u00e9nieurs en spatial, des ing\u00e9nieurs en naval ou des ing\u00e9nieurs ferroviaires op\u00e9rationnels et adaptables aux \u00e9volutions technologiques du monde industriel de demain.\",\"breadcrumb\":{\"@id\":\"https:\/\/www.estaca.fr\/en\/programs\/engineer\/#breadcrumb\"},\"inLanguage\":\"en-US\",\"potentialAction\":[{\"@type\":\"ReadAction\",\"target\":[\"https:\/\/www.estaca.fr\/en\/programs\/engineer\/\"]}]},{\"@type\":\"BreadcrumbList\",\"@id\":\"https:\/\/www.estaca.fr\/en\/programs\/engineer\/#breadcrumb\",\"itemListElement\":[{\"@type\":\"ListItem\",\"position\":1,\"name\":\"Accueil\",\"item\":\"https:\/\/www.estaca.fr\/en\/\"},{\"@type\":\"ListItem\",\"position\":2,\"name\":\"Programs\",\"item\":\"https:\/\/www.estaca.fr\/en\/programs\/\"},{\"@type\":\"ListItem\",\"position\":3,\"name\":\"Engineer (in french)\"}]},{\"@type\":\"WebSite\",\"@id\":\"https:\/\/www.estaca.fr\/#website\",\"url\":\"https:\/\/www.estaca.fr\/\",\"name\":\"ESTACA\",\"description\":\"Ecole d&#039;ing\u00e9nieurs\",\"publisher\":{\"@id\":\"https:\/\/www.estaca.fr\/#organization\"},\"potentialAction\":[{\"@type\":\"SearchAction\",\"target\":{\"@type\":\"EntryPoint\",\"urlTemplate\":\"https:\/\/www.estaca.fr\/?s={search_term_string}\"},\"query-input\":\"required name=search_term_string\"}],\"inLanguage\":\"en-US\"},{\"@type\":\"Organization\",\"@id\":\"https:\/\/www.estaca.fr\/#organization\",\"name\":\"ESTACA\",\"url\":\"https:\/\/www.estaca.fr\/\",\"logo\":{\"@type\":\"ImageObject\",\"inLanguage\":\"en-US\",\"@id\":\"https:\/\/www.estaca.fr\/#\/schema\/logo\/image\/\",\"url\":\"https:\/\/www.estaca.fr\/wp-content\/uploads\/Logos\/estaca-1.jpg\",\"contentUrl\":\"https:\/\/www.estaca.fr\/wp-content\/uploads\/Logos\/estaca-1.jpg\",\"width\":196,\"height\":100,\"caption\":\"ESTACA\"},\"image\":{\"@id\":\"https:\/\/www.estaca.fr\/#\/schema\/logo\/image\/\"},\"sameAs\":[\"https:\/\/www.facebook.com\/EcoleESTACA\/\",\"https:\/\/twitter.com\/Estaca_twit\",\"https:\/\/www.instagram.com\/ecole_estaca\/\",\"https:\/\/www.linkedin.com\/school\/estaca-ecole-ingenieurs\/\",\"https:\/\/www.youtube.com\/user\/EcoleESTACA\/\"]}]}<\/script>\n<!-- \/ Yoast SEO Premium plugin. -->","yoast_head_json":{"title":"Engineer (in french) - ESTACA","description":"Notre ambition, \u00e0 l\u2019ESTACA, est de former des ing\u00e9nieurs en a\u00e9ronautique, des ing\u00e9nieurs en automobile, des ing\u00e9nieurs en spatial, des ing\u00e9nieurs en naval ou des ing\u00e9nieurs ferroviaires op\u00e9rationnels et adaptables aux \u00e9volutions technologiques du monde industriel de demain.","robots":{"index":"index","follow":"follow","max-snippet":"max-snippet:-1","max-image-preview":"max-image-preview:large","max-video-preview":"max-video-preview:-1"},"canonical":"https:\/\/www.estaca.fr\/en\/programs\/engineer\/","og_locale":"en_US","og_type":"article","og_title":"Engineer (in french)","og_description":"Notre ambition, \u00e0 l\u2019ESTACA, est de former des ing\u00e9nieurs en a\u00e9ronautique, des ing\u00e9nieurs en automobile, des ing\u00e9nieurs en spatial, des ing\u00e9nieurs en naval ou des ing\u00e9nieurs ferroviaires op\u00e9rationnels et adaptables aux \u00e9volutions technologiques du monde industriel de demain.","og_url":"https:\/\/www.estaca.fr\/en\/programs\/engineer\/","og_site_name":"ESTACA","article_publisher":"https:\/\/www.facebook.com\/EcoleESTACA\/","article_modified_time":"2023-02-21T16:01:55+00:00","twitter_card":"summary_large_image","twitter_site":"@Estaca_twit","schema":{"@context":"https:\/\/schema.org","@graph":[{"@type":"WebPage","@id":"https:\/\/www.estaca.fr\/en\/programs\/engineer\/","url":"https:\/\/www.estaca.fr\/en\/programs\/engineer\/","name":"Engineer (in french) - ESTACA","isPartOf":{"@id":"https:\/\/www.estaca.fr\/#website"},"datePublished":"2021-08-17T10:35:26+00:00","dateModified":"2023-02-21T16:01:55+00:00","description":"Notre ambition, \u00e0 l\u2019ESTACA, est de former des ing\u00e9nieurs en a\u00e9ronautique, des ing\u00e9nieurs en automobile, des ing\u00e9nieurs en spatial, des ing\u00e9nieurs en naval ou des ing\u00e9nieurs ferroviaires op\u00e9rationnels et adaptables aux \u00e9volutions technologiques du monde industriel de demain.","breadcrumb":{"@id":"https:\/\/www.estaca.fr\/en\/programs\/engineer\/#breadcrumb"},"inLanguage":"en-US","potentialAction":[{"@type":"ReadAction","target":["https:\/\/www.estaca.fr\/en\/programs\/engineer\/"]}]},{"@type":"BreadcrumbList","@id":"https:\/\/www.estaca.fr\/en\/programs\/engineer\/#breadcrumb","itemListElement":[{"@type":"ListItem","position":1,"name":"Accueil","item":"https:\/\/www.estaca.fr\/en\/"},{"@type":"ListItem","position":2,"name":"Programs","item":"https:\/\/www.estaca.fr\/en\/programs\/"},{"@type":"ListItem","position":3,"name":"Engineer (in french)"}]},{"@type":"WebSite","@id":"https:\/\/www.estaca.fr\/#website","url":"https:\/\/www.estaca.fr\/","name":"ESTACA","description":"Ecole d&#039;ing\u00e9nieurs","publisher":{"@id":"https:\/\/www.estaca.fr\/#organization"},"potentialAction":[{"@type":"SearchAction","target":{"@type":"EntryPoint","urlTemplate":"https:\/\/www.estaca.fr\/?s={search_term_string}"},"query-input":"required name=search_term_string"}],"inLanguage":"en-US"},{"@type":"Organization","@id":"https:\/\/www.estaca.fr\/#organization","name":"ESTACA","url":"https:\/\/www.estaca.fr\/","logo":{"@type":"ImageObject","inLanguage":"en-US","@id":"https:\/\/www.estaca.fr\/#\/schema\/logo\/image\/","url":"https:\/\/www.estaca.fr\/wp-content\/uploads\/Logos\/estaca-1.jpg","contentUrl":"https:\/\/www.estaca.fr\/wp-content\/uploads\/Logos\/estaca-1.jpg","width":196,"height":100,"caption":"ESTACA"},"image":{"@id":"https:\/\/www.estaca.fr\/#\/schema\/logo\/image\/"},"sameAs":["https:\/\/www.facebook.com\/EcoleESTACA\/","https:\/\/twitter.com\/Estaca_twit","https:\/\/www.instagram.com\/ecole_estaca\/","https:\/\/www.linkedin.com\/school\/estaca-ecole-ingenieurs\/","https:\/\/www.youtube.com\/user\/EcoleESTACA\/"]}]}},"_links":{"self":[{"href":"https:\/\/www.estaca.fr\/en\/wp-json\/wp\/v2\/pages\/7074"}],"collection":[{"href":"https:\/\/www.estaca.fr\/en\/wp-json\/wp\/v2\/pages"}],"about":[{"href":"https:\/\/www.estaca.fr\/en\/wp-json\/wp\/v2\/types\/page"}],"author":[{"embeddable":true,"href":"https:\/\/www.estaca.fr\/en\/wp-json\/wp\/v2\/users\/1"}],"replies":[{"embeddable":true,"href":"https:\/\/www.estaca.fr\/en\/wp-json\/wp\/v2\/comments?post=7074"}],"version-history":[{"count":8,"href":"https:\/\/www.estaca.fr\/en\/wp-json\/wp\/v2\/pages\/7074\/revisions"}],"predecessor-version":[{"id":18742,"href":"https:\/\/www.estaca.fr\/en\/wp-json\/wp\/v2\/pages\/7074\/revisions\/18742"}],"up":[{"embeddable":true,"href":"https:\/\/www.estaca.fr\/en\/wp-json\/wp\/v2\/pages\/7002"}],"wp:attachment":[{"href":"https:\/\/www.estaca.fr\/en\/wp-json\/wp\/v2\/media?parent=7074"}],"curies":[{"name":"wp","href":"https:\/\/api.w.org\/{rel}","templated":true}]}}