{"id":6980,"date":"2021-08-27T15:42:30","date_gmt":"2021-08-27T13:42:30","guid":{"rendered":"https:\/\/www.estaca.fr\/soutenez\/"},"modified":"2023-02-06T09:05:33","modified_gmt":"2023-02-06T08:05:33","slug":"support-us","status":"publish","type":"page","link":"https:\/\/www.estaca.fr\/en\/corporate-relations\/support-us\/","title":{"rendered":"Support us"},"content":{"rendered":"","protected":false},"excerpt":{"rendered":"","protected":false},"author":1,"featured_media":0,"parent":6982,"menu_order":112,"comment_status":"closed","ping_status":"closed","template":"","meta":[],"acf":[],"yoast_head":"<!-- This site is optimized with the Yoast SEO Premium plugin v21.0 (Yoast SEO v21.0) - https:\/\/yoast.com\/wordpress\/plugins\/seo\/ -->\n<title>Support us - ESTACA<\/title>\n<meta name=\"description\" content=\"Plus que jamais nous avons besoin de votre soutien et implication pour pouvoir r\u00e9pondre aux ambitions de nos futurs ing\u00e9nieurs en leur proposant une formation de pointe, innovante et adapt\u00e9e \u00e0 un march\u00e9 en constante \u00e9volution.\" \/>\n<meta name=\"robots\" content=\"index, follow, max-snippet:-1, max-image-preview:large, max-video-preview:-1\" \/>\n<link rel=\"canonical\" href=\"https:\/\/www.estaca.fr\/en\/corporate-relations\/support-us\/\" \/>\n<meta property=\"og:locale\" content=\"en_US\" \/>\n<meta property=\"og:type\" content=\"article\" \/>\n<meta property=\"og:title\" content=\"Support us\" \/>\n<meta property=\"og:description\" content=\"Plus que jamais nous avons besoin de votre soutien et implication pour pouvoir r\u00e9pondre aux ambitions de nos futurs ing\u00e9nieurs en leur proposant une formation de pointe, innovante et adapt\u00e9e \u00e0 un march\u00e9 en constante \u00e9volution.\" \/>\n<meta property=\"og:url\" content=\"https:\/\/www.estaca.fr\/en\/corporate-relations\/support-us\/\" \/>\n<meta property=\"og:site_name\" content=\"ESTACA\" \/>\n<meta property=\"article:publisher\" content=\"https:\/\/www.facebook.com\/EcoleESTACA\/\" \/>\n<meta property=\"article:modified_time\" content=\"2023-02-06T08:05:33+00:00\" \/>\n<meta name=\"twitter:card\" content=\"summary_large_image\" \/>\n<meta name=\"twitter:site\" content=\"@Estaca_twit\" \/>\n<script type=\"application\/ld+json\" class=\"yoast-schema-graph\">{\"@context\":\"https:\/\/schema.org\",\"@graph\":[{\"@type\":\"WebPage\",\"@id\":\"https:\/\/www.estaca.fr\/en\/corporate-relations\/support-us\/\",\"url\":\"https:\/\/www.estaca.fr\/en\/corporate-relations\/support-us\/\",\"name\":\"Support us - ESTACA\",\"isPartOf\":{\"@id\":\"https:\/\/www.estaca.fr\/#website\"},\"datePublished\":\"2021-08-27T13:42:30+00:00\",\"dateModified\":\"2023-02-06T08:05:33+00:00\",\"description\":\"Plus que jamais nous avons besoin de votre soutien et implication pour pouvoir r\u00e9pondre aux ambitions de nos futurs ing\u00e9nieurs en leur proposant une formation de pointe, innovante et adapt\u00e9e \u00e0 un march\u00e9 en constante \u00e9volution.\",\"breadcrumb\":{\"@id\":\"https:\/\/www.estaca.fr\/en\/corporate-relations\/support-us\/#breadcrumb\"},\"inLanguage\":\"en-US\",\"potentialAction\":[{\"@type\":\"ReadAction\",\"target\":[\"https:\/\/www.estaca.fr\/en\/corporate-relations\/support-us\/\"]}]},{\"@type\":\"BreadcrumbList\",\"@id\":\"https:\/\/www.estaca.fr\/en\/corporate-relations\/support-us\/#breadcrumb\",\"itemListElement\":[{\"@type\":\"ListItem\",\"position\":1,\"name\":\"Accueil\",\"item\":\"https:\/\/www.estaca.fr\/en\/\"},{\"@type\":\"ListItem\",\"position\":2,\"name\":\"Corporate relations\",\"item\":\"https:\/\/www.estaca.fr\/en\/corporate-relations\/\"},{\"@type\":\"ListItem\",\"position\":3,\"name\":\"Support us\"}]},{\"@type\":\"WebSite\",\"@id\":\"https:\/\/www.estaca.fr\/#website\",\"url\":\"https:\/\/www.estaca.fr\/\",\"name\":\"ESTACA\",\"description\":\"Ecole d&#039;ing\u00e9nieurs\",\"publisher\":{\"@id\":\"https:\/\/www.estaca.fr\/#organization\"},\"potentialAction\":[{\"@type\":\"SearchAction\",\"target\":{\"@type\":\"EntryPoint\",\"urlTemplate\":\"https:\/\/www.estaca.fr\/?s={search_term_string}\"},\"query-input\":\"required name=search_term_string\"}],\"inLanguage\":\"en-US\"},{\"@type\":\"Organization\",\"@id\":\"https:\/\/www.estaca.fr\/#organization\",\"name\":\"ESTACA\",\"url\":\"https:\/\/www.estaca.fr\/\",\"logo\":{\"@type\":\"ImageObject\",\"inLanguage\":\"en-US\",\"@id\":\"https:\/\/www.estaca.fr\/#\/schema\/logo\/image\/\",\"url\":\"https:\/\/www.estaca.fr\/wp-content\/uploads\/Logos\/estaca-1.jpg\",\"contentUrl\":\"https:\/\/www.estaca.fr\/wp-content\/uploads\/Logos\/estaca-1.jpg\",\"width\":196,\"height\":100,\"caption\":\"ESTACA\"},\"image\":{\"@id\":\"https:\/\/www.estaca.fr\/#\/schema\/logo\/image\/\"},\"sameAs\":[\"https:\/\/www.facebook.com\/EcoleESTACA\/\",\"https:\/\/twitter.com\/Estaca_twit\",\"https:\/\/www.instagram.com\/ecole_estaca\/\",\"https:\/\/www.linkedin.com\/school\/estaca-ecole-ingenieurs\/\",\"https:\/\/www.youtube.com\/user\/EcoleESTACA\/\"]}]}<\/script>\n<!-- \/ Yoast SEO Premium plugin. -->","yoast_head_json":{"title":"Support us - ESTACA","description":"Plus que jamais nous avons besoin de votre soutien et implication pour pouvoir r\u00e9pondre aux ambitions de nos futurs ing\u00e9nieurs en leur proposant une formation de pointe, innovante et adapt\u00e9e \u00e0 un march\u00e9 en constante \u00e9volution.","robots":{"index":"index","follow":"follow","max-snippet":"max-snippet:-1","max-image-preview":"max-image-preview:large","max-video-preview":"max-video-preview:-1"},"canonical":"https:\/\/www.estaca.fr\/en\/corporate-relations\/support-us\/","og_locale":"en_US","og_type":"article","og_title":"Support us","og_description":"Plus que jamais nous avons besoin de votre soutien et implication pour pouvoir r\u00e9pondre aux ambitions de nos futurs ing\u00e9nieurs en leur proposant une formation de pointe, innovante et adapt\u00e9e \u00e0 un march\u00e9 en constante \u00e9volution.","og_url":"https:\/\/www.estaca.fr\/en\/corporate-relations\/support-us\/","og_site_name":"ESTACA","article_publisher":"https:\/\/www.facebook.com\/EcoleESTACA\/","article_modified_time":"2023-02-06T08:05:33+00:00","twitter_card":"summary_large_image","twitter_site":"@Estaca_twit","schema":{"@context":"https:\/\/schema.org","@graph":[{"@type":"WebPage","@id":"https:\/\/www.estaca.fr\/en\/corporate-relations\/support-us\/","url":"https:\/\/www.estaca.fr\/en\/corporate-relations\/support-us\/","name":"Support us - ESTACA","isPartOf":{"@id":"https:\/\/www.estaca.fr\/#website"},"datePublished":"2021-08-27T13:42:30+00:00","dateModified":"2023-02-06T08:05:33+00:00","description":"Plus que jamais nous avons besoin de votre soutien et implication pour pouvoir r\u00e9pondre aux ambitions de nos futurs ing\u00e9nieurs en leur proposant une formation de pointe, innovante et adapt\u00e9e \u00e0 un march\u00e9 en constante \u00e9volution.","breadcrumb":{"@id":"https:\/\/www.estaca.fr\/en\/corporate-relations\/support-us\/#breadcrumb"},"inLanguage":"en-US","potentialAction":[{"@type":"ReadAction","target":["https:\/\/www.estaca.fr\/en\/corporate-relations\/support-us\/"]}]},{"@type":"BreadcrumbList","@id":"https:\/\/www.estaca.fr\/en\/corporate-relations\/support-us\/#breadcrumb","itemListElement":[{"@type":"ListItem","position":1,"name":"Accueil","item":"https:\/\/www.estaca.fr\/en\/"},{"@type":"ListItem","position":2,"name":"Corporate relations","item":"https:\/\/www.estaca.fr\/en\/corporate-relations\/"},{"@type":"ListItem","position":3,"name":"Support us"}]},{"@type":"WebSite","@id":"https:\/\/www.estaca.fr\/#website","url":"https:\/\/www.estaca.fr\/","name":"ESTACA","description":"Ecole d&#039;ing\u00e9nieurs","publisher":{"@id":"https:\/\/www.estaca.fr\/#organization"},"potentialAction":[{"@type":"SearchAction","target":{"@type":"EntryPoint","urlTemplate":"https:\/\/www.estaca.fr\/?s={search_term_string}"},"query-input":"required name=search_term_string"}],"inLanguage":"en-US"},{"@type":"Organization","@id":"https:\/\/www.estaca.fr\/#organization","name":"ESTACA","url":"https:\/\/www.estaca.fr\/","logo":{"@type":"ImageObject","inLanguage":"en-US","@id":"https:\/\/www.estaca.fr\/#\/schema\/logo\/image\/","url":"https:\/\/www.estaca.fr\/wp-content\/uploads\/Logos\/estaca-1.jpg","contentUrl":"https:\/\/www.estaca.fr\/wp-content\/uploads\/Logos\/estaca-1.jpg","width":196,"height":100,"caption":"ESTACA"},"image":{"@id":"https:\/\/www.estaca.fr\/#\/schema\/logo\/image\/"},"sameAs":["https:\/\/www.facebook.com\/EcoleESTACA\/","https:\/\/twitter.com\/Estaca_twit","https:\/\/www.instagram.com\/ecole_estaca\/","https:\/\/www.linkedin.com\/school\/estaca-ecole-ingenieurs\/","https:\/\/www.youtube.com\/user\/EcoleESTACA\/"]}]}},"_links":{"self":[{"href":"https:\/\/www.estaca.fr\/en\/wp-json\/wp\/v2\/pages\/6980"}],"collection":[{"href":"https:\/\/www.estaca.fr\/en\/wp-json\/wp\/v2\/pages"}],"about":[{"href":"https:\/\/www.estaca.fr\/en\/wp-json\/wp\/v2\/types\/page"}],"author":[{"embeddable":true,"href":"https:\/\/www.estaca.fr\/en\/wp-json\/wp\/v2\/users\/1"}],"replies":[{"embeddable":true,"href":"https:\/\/www.estaca.fr\/en\/wp-json\/wp\/v2\/comments?post=6980"}],"version-history":[{"count":7,"href":"https:\/\/www.estaca.fr\/en\/wp-json\/wp\/v2\/pages\/6980\/revisions"}],"predecessor-version":[{"id":18114,"href":"https:\/\/www.estaca.fr\/en\/wp-json\/wp\/v2\/pages\/6980\/revisions\/18114"}],"up":[{"embeddable":true,"href":"https:\/\/www.estaca.fr\/en\/wp-json\/wp\/v2\/pages\/6982"}],"wp:attachment":[{"href":"https:\/\/www.estaca.fr\/en\/wp-json\/wp\/v2\/media?parent=6980"}],"curies":[{"name":"wp","href":"https:\/\/api.w.org\/{rel}","templated":true}]}}