{"id":6891,"date":"2021-08-24T16:40:21","date_gmt":"2021-08-24T14:40:21","guid":{"rendered":"https:\/\/www.estaca.fr\/research\/fields\/systemes-embarques\/"},"modified":"2023-03-03T16:07:01","modified_gmt":"2023-03-03T15:07:01","slug":"embedded-systems","status":"publish","type":"page","link":"https:\/\/www.estaca.fr\/en\/research\/fields\/embedded-systems\/","title":{"rendered":"Embedded systems"},"content":{"rendered":"","protected":false},"excerpt":{"rendered":"","protected":false},"author":1,"featured_media":0,"parent":6875,"menu_order":86,"comment_status":"closed","ping_status":"closed","template":"","meta":[],"acf":[],"yoast_head":"<!-- This site is optimized with the Yoast SEO Premium plugin v21.0 (Yoast SEO v21.0) - https:\/\/yoast.com\/wordpress\/plugins\/seo\/ -->\n<title>Embedded systems - ESTACA<\/title>\n<meta name=\"description\" content=\"D\u00e9velopper l\u2019intelligence des moyens de transport et leur int\u00e9gration dans le cadre des nouvelles mobilit\u00e9s \u00e0 travers la conception logicielle de syst\u00e8mes embarqu\u00e9s exigeants en termes de performances et s\u00fbret\u00e9 de fonctionnement.\" \/>\n<meta name=\"robots\" content=\"index, follow, max-snippet:-1, max-image-preview:large, max-video-preview:-1\" \/>\n<link rel=\"canonical\" href=\"https:\/\/www.estaca.fr\/en\/research\/fields\/embedded-systems\/\" \/>\n<meta property=\"og:locale\" content=\"en_US\" \/>\n<meta property=\"og:type\" content=\"article\" \/>\n<meta property=\"og:title\" content=\"Embedded systems\" \/>\n<meta property=\"og:description\" content=\"D\u00e9velopper l\u2019intelligence des moyens de transport et leur int\u00e9gration dans le cadre des nouvelles mobilit\u00e9s \u00e0 travers la conception logicielle de syst\u00e8mes embarqu\u00e9s exigeants en termes de performances et s\u00fbret\u00e9 de fonctionnement.\" \/>\n<meta property=\"og:url\" content=\"https:\/\/www.estaca.fr\/en\/research\/fields\/embedded-systems\/\" \/>\n<meta property=\"og:site_name\" content=\"ESTACA\" \/>\n<meta property=\"article:publisher\" content=\"https:\/\/www.facebook.com\/EcoleESTACA\/\" \/>\n<meta property=\"article:modified_time\" content=\"2023-03-03T15:07:01+00:00\" \/>\n<meta name=\"twitter:card\" content=\"summary_large_image\" \/>\n<meta name=\"twitter:site\" content=\"@Estaca_twit\" \/>\n<script type=\"application\/ld+json\" class=\"yoast-schema-graph\">{\"@context\":\"https:\/\/schema.org\",\"@graph\":[{\"@type\":\"WebPage\",\"@id\":\"https:\/\/www.estaca.fr\/en\/research\/fields\/embedded-systems\/\",\"url\":\"https:\/\/www.estaca.fr\/en\/research\/fields\/embedded-systems\/\",\"name\":\"Embedded systems - ESTACA\",\"isPartOf\":{\"@id\":\"https:\/\/www.estaca.fr\/#website\"},\"datePublished\":\"2021-08-24T14:40:21+00:00\",\"dateModified\":\"2023-03-03T15:07:01+00:00\",\"description\":\"D\u00e9velopper l\u2019intelligence des moyens de transport et leur int\u00e9gration dans le cadre des nouvelles mobilit\u00e9s \u00e0 travers la conception logicielle de syst\u00e8mes embarqu\u00e9s exigeants en termes de performances et s\u00fbret\u00e9 de fonctionnement.\",\"breadcrumb\":{\"@id\":\"https:\/\/www.estaca.fr\/en\/research\/fields\/embedded-systems\/#breadcrumb\"},\"inLanguage\":\"en-US\",\"potentialAction\":[{\"@type\":\"ReadAction\",\"target\":[\"https:\/\/www.estaca.fr\/en\/research\/fields\/embedded-systems\/\"]}]},{\"@type\":\"BreadcrumbList\",\"@id\":\"https:\/\/www.estaca.fr\/en\/research\/fields\/embedded-systems\/#breadcrumb\",\"itemListElement\":[{\"@type\":\"ListItem\",\"position\":1,\"name\":\"Accueil\",\"item\":\"https:\/\/www.estaca.fr\/en\/\"},{\"@type\":\"ListItem\",\"position\":2,\"name\":\"Research\",\"item\":\"https:\/\/www.estaca.fr\/en\/research\/\"},{\"@type\":\"ListItem\",\"position\":3,\"name\":\"Research fields\",\"item\":\"https:\/\/www.estaca.fr\/en\/research\/fields\/\"},{\"@type\":\"ListItem\",\"position\":4,\"name\":\"Embedded systems\"}]},{\"@type\":\"WebSite\",\"@id\":\"https:\/\/www.estaca.fr\/#website\",\"url\":\"https:\/\/www.estaca.fr\/\",\"name\":\"ESTACA\",\"description\":\"Ecole d&#039;ing\u00e9nieurs\",\"publisher\":{\"@id\":\"https:\/\/www.estaca.fr\/#organization\"},\"potentialAction\":[{\"@type\":\"SearchAction\",\"target\":{\"@type\":\"EntryPoint\",\"urlTemplate\":\"https:\/\/www.estaca.fr\/?s={search_term_string}\"},\"query-input\":\"required name=search_term_string\"}],\"inLanguage\":\"en-US\"},{\"@type\":\"Organization\",\"@id\":\"https:\/\/www.estaca.fr\/#organization\",\"name\":\"ESTACA\",\"url\":\"https:\/\/www.estaca.fr\/\",\"logo\":{\"@type\":\"ImageObject\",\"inLanguage\":\"en-US\",\"@id\":\"https:\/\/www.estaca.fr\/#\/schema\/logo\/image\/\",\"url\":\"https:\/\/www.estaca.fr\/wp-content\/uploads\/Logos\/estaca-1.jpg\",\"contentUrl\":\"https:\/\/www.estaca.fr\/wp-content\/uploads\/Logos\/estaca-1.jpg\",\"width\":196,\"height\":100,\"caption\":\"ESTACA\"},\"image\":{\"@id\":\"https:\/\/www.estaca.fr\/#\/schema\/logo\/image\/\"},\"sameAs\":[\"https:\/\/www.facebook.com\/EcoleESTACA\/\",\"https:\/\/twitter.com\/Estaca_twit\",\"https:\/\/www.instagram.com\/ecole_estaca\/\",\"https:\/\/www.linkedin.com\/school\/estaca-ecole-ingenieurs\/\",\"https:\/\/www.youtube.com\/user\/EcoleESTACA\/\"]}]}<\/script>\n<!-- \/ Yoast SEO Premium plugin. -->","yoast_head_json":{"title":"Embedded systems - ESTACA","description":"D\u00e9velopper l\u2019intelligence des moyens de transport et leur int\u00e9gration dans le cadre des nouvelles mobilit\u00e9s \u00e0 travers la conception logicielle de syst\u00e8mes embarqu\u00e9s exigeants en termes de performances et s\u00fbret\u00e9 de fonctionnement.","robots":{"index":"index","follow":"follow","max-snippet":"max-snippet:-1","max-image-preview":"max-image-preview:large","max-video-preview":"max-video-preview:-1"},"canonical":"https:\/\/www.estaca.fr\/en\/research\/fields\/embedded-systems\/","og_locale":"en_US","og_type":"article","og_title":"Embedded systems","og_description":"D\u00e9velopper l\u2019intelligence des moyens de transport et leur int\u00e9gration dans le cadre des nouvelles mobilit\u00e9s \u00e0 travers la conception logicielle de syst\u00e8mes embarqu\u00e9s exigeants en termes de performances et s\u00fbret\u00e9 de fonctionnement.","og_url":"https:\/\/www.estaca.fr\/en\/research\/fields\/embedded-systems\/","og_site_name":"ESTACA","article_publisher":"https:\/\/www.facebook.com\/EcoleESTACA\/","article_modified_time":"2023-03-03T15:07:01+00:00","twitter_card":"summary_large_image","twitter_site":"@Estaca_twit","schema":{"@context":"https:\/\/schema.org","@graph":[{"@type":"WebPage","@id":"https:\/\/www.estaca.fr\/en\/research\/fields\/embedded-systems\/","url":"https:\/\/www.estaca.fr\/en\/research\/fields\/embedded-systems\/","name":"Embedded systems - ESTACA","isPartOf":{"@id":"https:\/\/www.estaca.fr\/#website"},"datePublished":"2021-08-24T14:40:21+00:00","dateModified":"2023-03-03T15:07:01+00:00","description":"D\u00e9velopper l\u2019intelligence des moyens de transport et leur int\u00e9gration dans le cadre des nouvelles mobilit\u00e9s \u00e0 travers la conception logicielle de syst\u00e8mes embarqu\u00e9s exigeants en termes de performances et s\u00fbret\u00e9 de fonctionnement.","breadcrumb":{"@id":"https:\/\/www.estaca.fr\/en\/research\/fields\/embedded-systems\/#breadcrumb"},"inLanguage":"en-US","potentialAction":[{"@type":"ReadAction","target":["https:\/\/www.estaca.fr\/en\/research\/fields\/embedded-systems\/"]}]},{"@type":"BreadcrumbList","@id":"https:\/\/www.estaca.fr\/en\/research\/fields\/embedded-systems\/#breadcrumb","itemListElement":[{"@type":"ListItem","position":1,"name":"Accueil","item":"https:\/\/www.estaca.fr\/en\/"},{"@type":"ListItem","position":2,"name":"Research","item":"https:\/\/www.estaca.fr\/en\/research\/"},{"@type":"ListItem","position":3,"name":"Research fields","item":"https:\/\/www.estaca.fr\/en\/research\/fields\/"},{"@type":"ListItem","position":4,"name":"Embedded systems"}]},{"@type":"WebSite","@id":"https:\/\/www.estaca.fr\/#website","url":"https:\/\/www.estaca.fr\/","name":"ESTACA","description":"Ecole d&#039;ing\u00e9nieurs","publisher":{"@id":"https:\/\/www.estaca.fr\/#organization"},"potentialAction":[{"@type":"SearchAction","target":{"@type":"EntryPoint","urlTemplate":"https:\/\/www.estaca.fr\/?s={search_term_string}"},"query-input":"required name=search_term_string"}],"inLanguage":"en-US"},{"@type":"Organization","@id":"https:\/\/www.estaca.fr\/#organization","name":"ESTACA","url":"https:\/\/www.estaca.fr\/","logo":{"@type":"ImageObject","inLanguage":"en-US","@id":"https:\/\/www.estaca.fr\/#\/schema\/logo\/image\/","url":"https:\/\/www.estaca.fr\/wp-content\/uploads\/Logos\/estaca-1.jpg","contentUrl":"https:\/\/www.estaca.fr\/wp-content\/uploads\/Logos\/estaca-1.jpg","width":196,"height":100,"caption":"ESTACA"},"image":{"@id":"https:\/\/www.estaca.fr\/#\/schema\/logo\/image\/"},"sameAs":["https:\/\/www.facebook.com\/EcoleESTACA\/","https:\/\/twitter.com\/Estaca_twit","https:\/\/www.instagram.com\/ecole_estaca\/","https:\/\/www.linkedin.com\/school\/estaca-ecole-ingenieurs\/","https:\/\/www.youtube.com\/user\/EcoleESTACA\/"]}]}},"_links":{"self":[{"href":"https:\/\/www.estaca.fr\/en\/wp-json\/wp\/v2\/pages\/6891"}],"collection":[{"href":"https:\/\/www.estaca.fr\/en\/wp-json\/wp\/v2\/pages"}],"about":[{"href":"https:\/\/www.estaca.fr\/en\/wp-json\/wp\/v2\/types\/page"}],"author":[{"embeddable":true,"href":"https:\/\/www.estaca.fr\/en\/wp-json\/wp\/v2\/users\/1"}],"replies":[{"embeddable":true,"href":"https:\/\/www.estaca.fr\/en\/wp-json\/wp\/v2\/comments?post=6891"}],"version-history":[{"count":5,"href":"https:\/\/www.estaca.fr\/en\/wp-json\/wp\/v2\/pages\/6891\/revisions"}],"predecessor-version":[{"id":19037,"href":"https:\/\/www.estaca.fr\/en\/wp-json\/wp\/v2\/pages\/6891\/revisions\/19037"}],"up":[{"embeddable":true,"href":"https:\/\/www.estaca.fr\/en\/wp-json\/wp\/v2\/pages\/6875"}],"wp:attachment":[{"href":"https:\/\/www.estaca.fr\/en\/wp-json\/wp\/v2\/media?parent=6891"}],"curies":[{"name":"wp","href":"https:\/\/api.w.org\/{rel}","templated":true}]}}