{"id":6772,"date":"2021-07-27T14:46:08","date_gmt":"2021-07-27T12:46:08","guid":{"rendered":"https:\/\/www.estaca.fr\/engineering-school\/valeurs-cles-estaca\/"},"modified":"2021-09-28T09:26:03","modified_gmt":"2021-09-28T07:26:03","slug":"values","status":"publish","type":"page","link":"https:\/\/www.estaca.fr\/en\/engineering-school\/values\/","title":{"rendered":"Values"},"content":{"rendered":"","protected":false},"excerpt":{"rendered":"","protected":false},"author":1,"featured_media":0,"parent":6765,"menu_order":8,"comment_status":"closed","ping_status":"closed","template":"","meta":[],"acf":[],"yoast_head":"<!-- This site is optimized with the Yoast SEO Premium plugin v21.0 (Yoast SEO v21.0) - https:\/\/yoast.com\/wordpress\/plugins\/seo\/ -->\n<title>Values - ESTACA<\/title>\n<meta name=\"description\" content=\"Int\u00e9grer ESTACA, c&#039;est entrer dans une communaut\u00e9 qui rassemble les \u00e9tudiants, les ing\u00e9nieurs dipl\u00f4m\u00e9s qui restent tr\u00e8s investis dans la vie de l&#039;\u00c9cole, les professeurs permanents et vacataires, l&#039;administration.\" \/>\n<meta name=\"robots\" content=\"index, follow, max-snippet:-1, max-image-preview:large, max-video-preview:-1\" \/>\n<link rel=\"canonical\" href=\"https:\/\/www.estaca.fr\/en\/engineering-school\/values\/\" \/>\n<meta property=\"og:locale\" content=\"en_US\" \/>\n<meta property=\"og:type\" content=\"article\" \/>\n<meta property=\"og:title\" content=\"Values\" \/>\n<meta property=\"og:description\" content=\"Int\u00e9grer ESTACA, c&#039;est entrer dans une communaut\u00e9 qui rassemble les \u00e9tudiants, les ing\u00e9nieurs dipl\u00f4m\u00e9s qui restent tr\u00e8s investis dans la vie de l&#039;\u00c9cole, les professeurs permanents et vacataires, l&#039;administration.\" \/>\n<meta property=\"og:url\" content=\"https:\/\/www.estaca.fr\/en\/engineering-school\/values\/\" \/>\n<meta property=\"og:site_name\" content=\"ESTACA\" \/>\n<meta property=\"article:publisher\" content=\"https:\/\/www.facebook.com\/EcoleESTACA\/\" \/>\n<meta property=\"article:modified_time\" content=\"2021-09-28T07:26:03+00:00\" \/>\n<meta name=\"twitter:card\" content=\"summary_large_image\" \/>\n<meta name=\"twitter:site\" content=\"@Estaca_twit\" \/>\n<script type=\"application\/ld+json\" class=\"yoast-schema-graph\">{\"@context\":\"https:\/\/schema.org\",\"@graph\":[{\"@type\":\"WebPage\",\"@id\":\"https:\/\/www.estaca.fr\/en\/engineering-school\/values\/\",\"url\":\"https:\/\/www.estaca.fr\/en\/engineering-school\/values\/\",\"name\":\"Values - ESTACA\",\"isPartOf\":{\"@id\":\"https:\/\/www.estaca.fr\/#website\"},\"datePublished\":\"2021-07-27T12:46:08+00:00\",\"dateModified\":\"2021-09-28T07:26:03+00:00\",\"description\":\"Int\u00e9grer ESTACA, c'est entrer dans une communaut\u00e9 qui rassemble les \u00e9tudiants, les ing\u00e9nieurs dipl\u00f4m\u00e9s qui restent tr\u00e8s investis dans la vie de l'\u00c9cole, les professeurs permanents et vacataires, l'administration.\",\"breadcrumb\":{\"@id\":\"https:\/\/www.estaca.fr\/en\/engineering-school\/values\/#breadcrumb\"},\"inLanguage\":\"en-US\",\"potentialAction\":[{\"@type\":\"ReadAction\",\"target\":[\"https:\/\/www.estaca.fr\/en\/engineering-school\/values\/\"]}]},{\"@type\":\"BreadcrumbList\",\"@id\":\"https:\/\/www.estaca.fr\/en\/engineering-school\/values\/#breadcrumb\",\"itemListElement\":[{\"@type\":\"ListItem\",\"position\":1,\"name\":\"Accueil\",\"item\":\"https:\/\/www.estaca.fr\/en\/\"},{\"@type\":\"ListItem\",\"position\":2,\"name\":\"ESTACA, Engineering School\",\"item\":\"https:\/\/www.estaca.fr\/en\/engineering-school\/\"},{\"@type\":\"ListItem\",\"position\":3,\"name\":\"Values\"}]},{\"@type\":\"WebSite\",\"@id\":\"https:\/\/www.estaca.fr\/#website\",\"url\":\"https:\/\/www.estaca.fr\/\",\"name\":\"ESTACA\",\"description\":\"Ecole d&#039;ing\u00e9nieurs\",\"publisher\":{\"@id\":\"https:\/\/www.estaca.fr\/#organization\"},\"potentialAction\":[{\"@type\":\"SearchAction\",\"target\":{\"@type\":\"EntryPoint\",\"urlTemplate\":\"https:\/\/www.estaca.fr\/?s={search_term_string}\"},\"query-input\":\"required name=search_term_string\"}],\"inLanguage\":\"en-US\"},{\"@type\":\"Organization\",\"@id\":\"https:\/\/www.estaca.fr\/#organization\",\"name\":\"ESTACA\",\"url\":\"https:\/\/www.estaca.fr\/\",\"logo\":{\"@type\":\"ImageObject\",\"inLanguage\":\"en-US\",\"@id\":\"https:\/\/www.estaca.fr\/#\/schema\/logo\/image\/\",\"url\":\"https:\/\/www.estaca.fr\/wp-content\/uploads\/Logos\/estaca-1.jpg\",\"contentUrl\":\"https:\/\/www.estaca.fr\/wp-content\/uploads\/Logos\/estaca-1.jpg\",\"width\":196,\"height\":100,\"caption\":\"ESTACA\"},\"image\":{\"@id\":\"https:\/\/www.estaca.fr\/#\/schema\/logo\/image\/\"},\"sameAs\":[\"https:\/\/www.facebook.com\/EcoleESTACA\/\",\"https:\/\/twitter.com\/Estaca_twit\",\"https:\/\/www.instagram.com\/ecole_estaca\/\",\"https:\/\/www.linkedin.com\/school\/estaca-ecole-ingenieurs\/\",\"https:\/\/www.youtube.com\/user\/EcoleESTACA\/\"]}]}<\/script>\n<!-- \/ Yoast SEO Premium plugin. -->","yoast_head_json":{"title":"Values - ESTACA","description":"Int\u00e9grer ESTACA, c'est entrer dans une communaut\u00e9 qui rassemble les \u00e9tudiants, les ing\u00e9nieurs dipl\u00f4m\u00e9s qui restent tr\u00e8s investis dans la vie de l'\u00c9cole, les professeurs permanents et vacataires, l'administration.","robots":{"index":"index","follow":"follow","max-snippet":"max-snippet:-1","max-image-preview":"max-image-preview:large","max-video-preview":"max-video-preview:-1"},"canonical":"https:\/\/www.estaca.fr\/en\/engineering-school\/values\/","og_locale":"en_US","og_type":"article","og_title":"Values","og_description":"Int\u00e9grer ESTACA, c'est entrer dans une communaut\u00e9 qui rassemble les \u00e9tudiants, les ing\u00e9nieurs dipl\u00f4m\u00e9s qui restent tr\u00e8s investis dans la vie de l'\u00c9cole, les professeurs permanents et vacataires, l'administration.","og_url":"https:\/\/www.estaca.fr\/en\/engineering-school\/values\/","og_site_name":"ESTACA","article_publisher":"https:\/\/www.facebook.com\/EcoleESTACA\/","article_modified_time":"2021-09-28T07:26:03+00:00","twitter_card":"summary_large_image","twitter_site":"@Estaca_twit","schema":{"@context":"https:\/\/schema.org","@graph":[{"@type":"WebPage","@id":"https:\/\/www.estaca.fr\/en\/engineering-school\/values\/","url":"https:\/\/www.estaca.fr\/en\/engineering-school\/values\/","name":"Values - ESTACA","isPartOf":{"@id":"https:\/\/www.estaca.fr\/#website"},"datePublished":"2021-07-27T12:46:08+00:00","dateModified":"2021-09-28T07:26:03+00:00","description":"Int\u00e9grer ESTACA, c'est entrer dans une communaut\u00e9 qui rassemble les \u00e9tudiants, les ing\u00e9nieurs dipl\u00f4m\u00e9s qui restent tr\u00e8s investis dans la vie de l'\u00c9cole, les professeurs permanents et vacataires, l'administration.","breadcrumb":{"@id":"https:\/\/www.estaca.fr\/en\/engineering-school\/values\/#breadcrumb"},"inLanguage":"en-US","potentialAction":[{"@type":"ReadAction","target":["https:\/\/www.estaca.fr\/en\/engineering-school\/values\/"]}]},{"@type":"BreadcrumbList","@id":"https:\/\/www.estaca.fr\/en\/engineering-school\/values\/#breadcrumb","itemListElement":[{"@type":"ListItem","position":1,"name":"Accueil","item":"https:\/\/www.estaca.fr\/en\/"},{"@type":"ListItem","position":2,"name":"ESTACA, Engineering School","item":"https:\/\/www.estaca.fr\/en\/engineering-school\/"},{"@type":"ListItem","position":3,"name":"Values"}]},{"@type":"WebSite","@id":"https:\/\/www.estaca.fr\/#website","url":"https:\/\/www.estaca.fr\/","name":"ESTACA","description":"Ecole d&#039;ing\u00e9nieurs","publisher":{"@id":"https:\/\/www.estaca.fr\/#organization"},"potentialAction":[{"@type":"SearchAction","target":{"@type":"EntryPoint","urlTemplate":"https:\/\/www.estaca.fr\/?s={search_term_string}"},"query-input":"required name=search_term_string"}],"inLanguage":"en-US"},{"@type":"Organization","@id":"https:\/\/www.estaca.fr\/#organization","name":"ESTACA","url":"https:\/\/www.estaca.fr\/","logo":{"@type":"ImageObject","inLanguage":"en-US","@id":"https:\/\/www.estaca.fr\/#\/schema\/logo\/image\/","url":"https:\/\/www.estaca.fr\/wp-content\/uploads\/Logos\/estaca-1.jpg","contentUrl":"https:\/\/www.estaca.fr\/wp-content\/uploads\/Logos\/estaca-1.jpg","width":196,"height":100,"caption":"ESTACA"},"image":{"@id":"https:\/\/www.estaca.fr\/#\/schema\/logo\/image\/"},"sameAs":["https:\/\/www.facebook.com\/EcoleESTACA\/","https:\/\/twitter.com\/Estaca_twit","https:\/\/www.instagram.com\/ecole_estaca\/","https:\/\/www.linkedin.com\/school\/estaca-ecole-ingenieurs\/","https:\/\/www.youtube.com\/user\/EcoleESTACA\/"]}]}},"_links":{"self":[{"href":"https:\/\/www.estaca.fr\/en\/wp-json\/wp\/v2\/pages\/6772"}],"collection":[{"href":"https:\/\/www.estaca.fr\/en\/wp-json\/wp\/v2\/pages"}],"about":[{"href":"https:\/\/www.estaca.fr\/en\/wp-json\/wp\/v2\/types\/page"}],"author":[{"embeddable":true,"href":"https:\/\/www.estaca.fr\/en\/wp-json\/wp\/v2\/users\/1"}],"replies":[{"embeddable":true,"href":"https:\/\/www.estaca.fr\/en\/wp-json\/wp\/v2\/comments?post=6772"}],"version-history":[{"count":7,"href":"https:\/\/www.estaca.fr\/en\/wp-json\/wp\/v2\/pages\/6772\/revisions"}],"predecessor-version":[{"id":7282,"href":"https:\/\/www.estaca.fr\/en\/wp-json\/wp\/v2\/pages\/6772\/revisions\/7282"}],"up":[{"embeddable":true,"href":"https:\/\/www.estaca.fr\/en\/wp-json\/wp\/v2\/pages\/6765"}],"wp:attachment":[{"href":"https:\/\/www.estaca.fr\/en\/wp-json\/wp\/v2\/media?parent=6772"}],"curies":[{"name":"wp","href":"https:\/\/api.w.org\/{rel}","templated":true}]}}